{"id":2326,"date":"2025-09-05T14:59:31","date_gmt":"2025-09-05T12:59:31","guid":{"rendered":"https:\/\/edelalpen.ch\/?page_id=2326"},"modified":"2025-11-29T08:51:54","modified_gmt":"2025-11-29T07:51:54","slug":"paiement-livraison","status":"publish","type":"page","link":"https:\/\/edelalpen.ch\/fr\/paiement-livraison\/","title":{"rendered":"Paiement &amp; livraison"},"content":{"rendered":"<div data-elementor-type=\"wp-page\" data-elementor-id=\"2326\" class=\"elementor elementor-2326\" data-elementor-post-type=\"page\">\n\t\t\t\t<div class=\"elementor-element elementor-element-d88e001 e-flex e-con-boxed e-con e-parent\" data-id=\"d88e001\" data-element_type=\"container\" data-e-type=\"container\">\n\t\t\t\t\t<div class=\"e-con-inner\">\n\t\t\t\t<div class=\"elementor-element elementor-element-0b4849b elementor-widget elementor-widget-heading\" data-id=\"0b4849b\" data-element_type=\"widget\" data-e-type=\"widget\" data-widget_type=\"heading.default\">\n\t\t\t\t\t<h1 class=\"elementor-heading-title elementor-size-default\">Paiement &amp; livraison<\/h1>\t\t\t\t<\/div>\n\t\t\t\t<div class=\"elementor-element elementor-element-9b0e92c elementor-widget elementor-widget-heading\" data-id=\"9b0e92c\" data-element_type=\"widget\" data-e-type=\"widget\" data-widget_type=\"heading.default\">\n\t\t\t\t\t<h2 class=\"elementor-heading-title elementor-size-default\">Livraison<\/h2>\t\t\t\t<\/div>\n\t\t\t\t<div class=\"elementor-element elementor-element-0c2eeb5 elementor-widget elementor-widget-text-editor\" data-id=\"0c2eeb5\" data-element_type=\"widget\" data-e-type=\"widget\" data-widget_type=\"text-editor.default\">\n\t\t\t\t\t\t\t\t\t<p><b>Winterthur et ses environs : <br \/><\/b>Nous sommes en route jour apr\u00e8s jour pour nos clients. Nous nous ferons un plaisir d'apporter votre commande directement chez vous \u00e0 la date convenue.<\/p><p><b>En dehors de la r\u00e9gion de Winterthur : <br \/><\/b>Les livraisons sont effectu\u00e9es dans un d\u00e9lai de 3 \u00e0 5 jours ouvrables apr\u00e8s r\u00e9ception de la marchandise.\u00a0<\/p><p><b>Nous ne livrons pas en dehors de la Suisse et du Liechtenstein.<\/b><\/p><p>Notez qu'il n'y a pas de livraison le dimanche et les jours f\u00e9ri\u00e9s.<strong><br \/><\/strong><\/p>\t\t\t\t\t\t\t\t<\/div>\n\t\t\t\t<div class=\"elementor-element elementor-element-0fd7a9a elementor-widget elementor-widget-heading\" data-id=\"0fd7a9a\" data-element_type=\"widget\" data-e-type=\"widget\" data-widget_type=\"heading.default\">\n\t\t\t\t\t<h2 class=\"elementor-heading-title elementor-size-default\">Frais d'exp\u00e9dition<\/h2>\t\t\t\t<\/div>\n\t\t\t\t<div class=\"elementor-element elementor-element-f74bb7a elementor-widget elementor-widget-text-editor\" data-id=\"f74bb7a\" data-element_type=\"widget\" data-e-type=\"widget\" data-widget_type=\"text-editor.default\">\n\t\t\t\t\t\t\t\t\t<p>F\u00fcr alle Bestellungen ab CHF 200.- schenken wir Ihnen die Liefergeb\u00fchren und ihr Einkauf kommt kostenlos zu Ihnen.<\/p><p>Les frais de livraison d\u00e9pendent du montant brut de la commande :<br \/>&#8211; versandkostenfrei beim Einkauf ab CHF 200.-<br \/>&#8211; CHF 20.- beim Warenwert bis CHF 200.-<\/p>\t\t\t\t\t\t\t\t<\/div>\n\t\t\t\t<div class=\"elementor-element elementor-element-65f05c9 elementor-widget elementor-widget-heading\" data-id=\"65f05c9\" data-element_type=\"widget\" data-e-type=\"widget\" data-widget_type=\"heading.default\">\n\t\t\t\t\t<h2 class=\"elementor-heading-title elementor-size-default\">Modes de paiement accept\u00e9s<\/h2>\t\t\t\t<\/div>\n\t\t\t\t<div class=\"elementor-element elementor-element-7e49e3e elementor-widget elementor-widget-text-editor\" data-id=\"7e49e3e\" data-element_type=\"widget\" data-e-type=\"widget\" data-widget_type=\"text-editor.default\">\n\t\t\t\t\t\t\t\t\t<ul>\n<li>TWINT<\/li>\n<li>Cartes de cr\u00e9dit : Visa, Mastercard<\/li>\n<li>Paiement anticip\u00e9<\/li>\n<\/ul>\n<p>En cas d'impossibilit\u00e9 de livraison pour cause de force majeure, nous garantissons le remboursement du prix que vous avez pay\u00e9 sans autre obligation. Sous r\u00e9serve de vente interm\u00e9diaire.<\/p>\n<p>Le tribunal comp\u00e9tent est Winterthur.<\/p>\t\t\t\t\t\t\t\t<\/div>\n\t\t\t\t\t<\/div>\n\t\t\t\t<\/div>\n\t\t\t\t<\/div>","protected":false},"excerpt":{"rendered":"<p>Lieferung Winterthur und Umgebung: Wir sind Tag f\u00fcr Tag f\u00fcr unsere Kunden unterwegs. Gerne bringen wir Ihre Bestellung auf den vereinbarten Termin direkt zu Ihnen nach Hause. Ausserhalb Region Winterthur: Lieferungen erfolgen innerhalb von 3 \u2013 5 Werktagen nach Wareneingang.\u00a0 Wir liefern nicht ausserhalb der Schweiz und Liechtenstein. \u2028 Beachten Sie, dass an Sonn- und [&hellip;]<\/p>\n","protected":false},"author":1,"featured_media":0,"parent":0,"menu_order":9,"comment_status":"closed","ping_status":"closed","template":"","meta":{"_acf_changed":false,"footnotes":""},"class_list":["post-2326","page","type-page","status-publish","hentry"],"acf":[],"_links":{"self":[{"href":"https:\/\/edelalpen.ch\/fr\/wp-json\/wp\/v2\/pages\/2326","targetHints":{"allow":["GET"]}}],"collection":[{"href":"https:\/\/edelalpen.ch\/fr\/wp-json\/wp\/v2\/pages"}],"about":[{"href":"https:\/\/edelalpen.ch\/fr\/wp-json\/wp\/v2\/types\/page"}],"author":[{"embeddable":true,"href":"https:\/\/edelalpen.ch\/fr\/wp-json\/wp\/v2\/users\/1"}],"replies":[{"embeddable":true,"href":"https:\/\/edelalpen.ch\/fr\/wp-json\/wp\/v2\/comments?post=2326"}],"version-history":[{"count":16,"href":"https:\/\/edelalpen.ch\/fr\/wp-json\/wp\/v2\/pages\/2326\/revisions"}],"predecessor-version":[{"id":3544,"href":"https:\/\/edelalpen.ch\/fr\/wp-json\/wp\/v2\/pages\/2326\/revisions\/3544"}],"wp:attachment":[{"href":"https:\/\/edelalpen.ch\/fr\/wp-json\/wp\/v2\/media?parent=2326"}],"curies":[{"name":"wp","href":"https:\/\/api.w.org\/{rel}","templated":true}]}}