{"id":2349,"date":"2025-09-05T15:08:22","date_gmt":"2025-09-05T13:08:22","guid":{"rendered":"https:\/\/edelalpen.ch\/?page_id=2349"},"modified":"2025-10-14T22:14:34","modified_gmt":"2025-10-14T20:14:34","slug":"accessibilite","status":"publish","type":"page","link":"https:\/\/edelalpen.ch\/fr\/accessibilite\/","title":{"rendered":"Accessibilit\u00e9"},"content":{"rendered":"<div data-elementor-type=\"wp-page\" data-elementor-id=\"2349\" class=\"elementor elementor-2349\" data-elementor-post-type=\"page\">\n\t\t\t\t<div class=\"elementor-element elementor-element-e7341c7 e-flex e-con-boxed e-con e-parent\" data-id=\"e7341c7\" data-element_type=\"container\" data-e-type=\"container\">\n\t\t\t\t\t<div class=\"e-con-inner\">\n\t\t\t\t<div class=\"elementor-element elementor-element-411f137 elementor-widget elementor-widget-heading\" data-id=\"411f137\" data-element_type=\"widget\" data-e-type=\"widget\" data-widget_type=\"heading.default\">\n\t\t\t\t\t<h1 class=\"elementor-heading-title elementor-size-default\">Accessibilit\u00e9<\/h1>\t\t\t\t<\/div>\n\t\t\t\t<div class=\"elementor-element elementor-element-04e17df elementor-widget-laptop__width-initial elementor-widget elementor-widget-text-editor\" data-id=\"04e17df\" data-element_type=\"widget\" data-e-type=\"widget\" data-widget_type=\"text-editor.default\">\n\t\t\t\t\t\t\t\t\t<h3 style=\"color: #cc6124; font-family: 'EB Garamond', sans-serif; font-weight: 400;\"><span style=\"font-weight: bold;\">Notre engagement<\/span><\/h3><p>Edelalpen s'efforce de rendre son site Internet utilisable par tous. Nous concevons, cr\u00e9ons et entretenons notre site web en tenant compte de l'accessibilit\u00e9 et nous nous effor\u00e7ons de <b style=\"color: #555555; font-family: Helvetica, sans-serif;\">Directives pour l'accessibilit\u00e9 aux contenus Web (WCAG) 2.2 niveau AA<\/b><span style=\"color: #555555; font-family: Helvetica, sans-serif; font-weight: 400;\"> de se conformer \u00e0 ces exigences. Nous tenons \u00e9galement compte des obligations pr\u00e9vues par<\/span><span style=\"color: #555555; font-family: Helvetica, sans-serif; font-weight: 400;\">\u00a0les informations pertinentes <\/span><b style=\"color: #555555; font-family: Helvetica, sans-serif;\">UE\/EAA<\/b><span style=\"color: #555555; font-family: Helvetica, sans-serif; font-weight: 400;\">-exigences.<\/span><\/p><h3><b>Mesures<\/b><\/h3><ul><li>Int\u00e9gration de l'accessibilit\u00e9 dans nos normes internes, notre syst\u00e8me de conception et nos examens de code<\/li><li>V\u00e9rifications r\u00e9guli\u00e8res en cas de mises \u00e0 jour et de modifications du contenu<\/li><li>Formation du personnel et guides pour les r\u00e9dacteurs sur la cr\u00e9ation de contenus accessibles<\/li><li>Suivi des probl\u00e8mes, hi\u00e9rarchisation des corrections et v\u00e9rification des modifications avant et apr\u00e8s la publication<\/li><li>\u00e9viter les widgets \"overlay\" ; nous nous concentrons sur les am\u00e9liorations au niveau du code<\/li><\/ul><div>\u00a0<\/div><h3><b>\u00c9tat de conformit\u00e9<\/b><\/h3><p>Notre objectif est <b>WCAG 2.2 AA<\/b>. Sur la base de contr\u00f4les automatis\u00e9s et d'\u00e9chantillons manuels r\u00e9cents, il est possible d'estimer le nombre de personnes qui ont \u00e9t\u00e9 victimes de violences sexuelles. <b>edelalpen.ch partiellement conforme<\/b>. Cela signifie que certaines parties du contenu ne r\u00e9pondent peut-\u00eatre pas encore enti\u00e8rement \u00e0 tous les crit\u00e8res de r\u00e9ussite. Nous travaillons activement \u00e0 l'am\u00e9lioration du site et nous vous invitons \u00e0 nous faire part de vos commentaires.<\/p><p>\u00a0<\/p><h3><b>Limitations connues et corrections pr\u00e9vues<\/b><\/h3><ul><li><b>Int\u00e9grations de tiers<\/b> (par ex. cartes, lecteurs vid\u00e9o, formulaires externes) peuvent ne pas \u00eatre enti\u00e8rement conformes aux WCAG. Nous v\u00e9rifions les int\u00e9grations et proposons, dans la mesure du possible, des alternatives accessibles.<\/li><li><b>PDF et t\u00e9l\u00e9chargements<\/b> sont limit\u00e9s. Si vous trouvez un fichier qui n'est pas accessible, veuillez nous contacter et nous vous fournirons les informations dans un format accessible.<\/li><li><b>Nouveau contenu<\/b> peuvent parfois causer des probl\u00e8mes. Nous surveillons les mises \u00e0 jour des pages et corrigeons imm\u00e9diatement les probl\u00e8mes.<\/li><\/ul><div>\u00a0<\/div><h3><b>R\u00e9actions<\/b><\/h3><p>Si vous rencontrez une barri\u00e8re sur ideary-works.com, merci de nous en informer :<\/p><ul><li><b>Courrier \u00e9lectronique :<\/b>\u00a0<a href=\"mailto:info@edelalpen.ch\" target=\"_blank\" rel=\"noopener\">info@edelalpen.ch<\/a><\/li><li><b>Donn\u00e9es pr\u00e9f\u00e9r\u00e9es :<\/b> URL de la page, br\u00e8ve description du probl\u00e8me, votre navigateur et technologie d'assistance (le cas \u00e9ch\u00e9ant) et vos coordonn\u00e9es.<\/li><\/ul><p>Nous nous effor\u00e7ons de r\u00e9pondre aux messages dans un d\u00e9lai de <b>2 jours ouvrables<\/b> et de r\u00e9soudre les probl\u00e8mes signal\u00e9s dans les meilleurs d\u00e9lais.<\/p><p>\u00a0<\/p><h3><b>Plaintes formelles et escalade<\/b><\/h3><p>Si vous estimez que nous n'avons pas pris en compte votre demande, r\u00e9pondez \u00e0 notre e-mail de confirmation avec l'objet \"Accessibility Escalation\" (escalade de l'accessibilit\u00e9). Un cadre sup\u00e9rieur traitera le probl\u00e8me dans un d\u00e9lai de <b>5 jours ouvrables<\/b> et vous indiquera la marche \u00e0 suivre.<\/p><p>\u00a0<\/p><h3><b>Compatibilit\u00e9 avec les navigateurs et la technologie d'assistance<\/b><\/h3><p>edelalpen.ch est con\u00e7u pour fonctionner avec les versions actuelles des navigateurs et syst\u00e8mes d'exploitation courants ainsi qu'avec les technologies d'assistance les plus r\u00e9pandues, notamment <b>Navigation au clavier<\/b> et <b>Lecteurs d'\u00e9cran<\/b> comme <b>NVDA<\/b> (Windows) et <b>VoiceOver<\/b> (macOS\/iOS).<\/p><p>\u00a0<\/p><h3><b>Sp\u00e9cifications techniques<\/b><\/h3><p>L'accessibilit\u00e9 du site edelalpen.ch est bas\u00e9e sur :<\/p><ul><li><b>HTML<\/b>, <b>WAI-ARIA<\/b>, <b>CSS<\/b> et <b>JavaScript<\/b><\/li><li>Une base standard <b>WordPress<\/b>-impl\u00e9mentation avec des mod\u00e8les accessibles<\/li><\/ul><p>Ces technologies sont n\u00e9cessaires au bon fonctionnement et \u00e0 la compatibilit\u00e9.<\/p><p>\u00a0<\/p><h3><b>Approche d'\u00e9valuation<\/b><\/h3><p>Nous utilisons une combinaison de<\/p><ul><li><b>Tests manuels<\/b> des principales proc\u00e9dures utilisateur avec le clavier et les lecteurs d'\u00e9cran<\/li><li><b>Tests automatis\u00e9s<\/b> en utilisant des outils sectoriels pour identifier les probl\u00e8mes courants<\/li><li><b>Gouvernance du contenu<\/b> par une liste de contr\u00f4le de l'\u00e9diteur et des v\u00e9rifications r\u00e9guli\u00e8res<\/li><\/ul><div>\u00a0<\/div><h3><b>Champ d'application de la pr\u00e9sente d\u00e9claration<\/b><\/h3><p>Cette d\u00e9claration s'applique au contenu de <b>edelalpen.ch<\/b>\u00a0et ses sous-sites. Elle ne s'applique pas aux sites externes vers lesquels nous proposons des liens ou aux plateformes de tiers que nous ne contr\u00f4lons pas.<\/p><h3><b>Date et version<\/b><\/h3><ul><li><b>Cr\u00e9\u00e9<\/b> 15 septembre 2025<\/li><li><b>Derni\u00e8re v\u00e9rification :<\/b> 21 septembre 2025<\/li><li><b>Propri\u00e9taire :<\/b> Alpes nobles<\/li><\/ul><div>\u00a0<\/div><p>Si vous avez besoin de cette d\u00e9claration dans un autre format, veuillez vous adresser \u00e0\u00a0<a href=\"mailto:info@edelalpen.ch\" target=\"_blank\" rel=\"noopener\">info@edelalpen.ch<\/a>. Nous les mettons volontiers \u00e0 votre disposition sur demande.<\/p>\t\t\t\t\t\t\t\t<\/div>\n\t\t\t\t\t<\/div>\n\t\t\t\t<\/div>\n\t\t\t\t<\/div>","protected":false},"excerpt":{"rendered":"<p>Unser Engagement Edelalpen ist bestrebt, unsere Website f\u00fcr alle nutzbar zu machen. Wir gestalten, erstellen und pflegen unsere Website unter Ber\u00fccksichtigung der Barrierefreiheit und bem\u00fchen uns, die Web Content Accessibility Guidelines (WCAG) 2.2 Level AA zu erf\u00fcllen. Wir ber\u00fccksichtigen auch die Verpflichtungen gem\u00e4\u00df\u00a0den relevanten EU\/EAA-Anforderungen. Ma\u00dfnahmen Einbeziehung der Barrierefreiheit in unsere internen Standards, unser Designsystem [&hellip;]<\/p>\n","protected":false},"author":1,"featured_media":0,"parent":0,"menu_order":12,"comment_status":"closed","ping_status":"closed","template":"","meta":{"_acf_changed":false,"footnotes":""},"class_list":["post-2349","page","type-page","status-publish","hentry"],"acf":[],"_links":{"self":[{"href":"https:\/\/edelalpen.ch\/fr\/wp-json\/wp\/v2\/pages\/2349","targetHints":{"allow":["GET"]}}],"collection":[{"href":"https:\/\/edelalpen.ch\/fr\/wp-json\/wp\/v2\/pages"}],"about":[{"href":"https:\/\/edelalpen.ch\/fr\/wp-json\/wp\/v2\/types\/page"}],"author":[{"embeddable":true,"href":"https:\/\/edelalpen.ch\/fr\/wp-json\/wp\/v2\/users\/1"}],"replies":[{"embeddable":true,"href":"https:\/\/edelalpen.ch\/fr\/wp-json\/wp\/v2\/comments?post=2349"}],"version-history":[{"count":13,"href":"https:\/\/edelalpen.ch\/fr\/wp-json\/wp\/v2\/pages\/2349\/revisions"}],"predecessor-version":[{"id":3209,"href":"https:\/\/edelalpen.ch\/fr\/wp-json\/wp\/v2\/pages\/2349\/revisions\/3209"}],"wp:attachment":[{"href":"https:\/\/edelalpen.ch\/fr\/wp-json\/wp\/v2\/media?parent=2349"}],"curies":[{"name":"wp","href":"https:\/\/api.w.org\/{rel}","templated":true}]}}