{"id":2640,"date":"2025-09-16T10:09:42","date_gmt":"2025-09-16T08:09:42","guid":{"rendered":"https:\/\/edelalpen.ch\/?page_id=2640"},"modified":"2025-11-10T15:14:13","modified_gmt":"2025-11-10T14:14:13","slug":"b2b-clients-professionnels","status":"publish","type":"page","link":"https:\/\/edelalpen.ch\/fr\/b2b-clients-professionnels\/","title":{"rendered":"B2B - Clients professionnels"},"content":{"rendered":"\t\t<div data-elementor-type=\"wp-page\" data-elementor-id=\"2640\" class=\"elementor elementor-2640\" data-elementor-post-type=\"page\">\n\t\t\t\t<div class=\"elementor-element elementor-element-afd6f5d e-flex e-con-boxed e-con e-parent\" data-id=\"afd6f5d\" data-element_type=\"container\" data-e-type=\"container\">\n\t\t\t\t\t<div class=\"e-con-inner\">\n\t\t\t\t<div class=\"elementor-element elementor-element-006a7f8 elementor-widget elementor-widget-heading\" data-id=\"006a7f8\" data-element_type=\"widget\" data-e-type=\"widget\" data-widget_type=\"heading.default\">\n\t\t\t\t\t<h1 class=\"elementor-heading-title elementor-size-default\">B2B &#8211; Gesch\u00e4ftskunden<\/h1>\t\t\t\t<\/div>\n\t\t<div class=\"elementor-element elementor-element-2210312 e-con-full e-flex e-con e-child\" data-id=\"2210312\" data-element_type=\"container\" data-e-type=\"container\">\n\t\t<div class=\"elementor-element elementor-element-5f271b1 e-con-full e-flex e-con e-child\" data-id=\"5f271b1\" data-element_type=\"container\" data-e-type=\"container\">\n\t\t\t\t<div class=\"elementor-element elementor-element-4c213b9 elementor-button-align-stretch elementor-widget elementor-widget-form\" data-id=\"4c213b9\" data-element_type=\"widget\" data-e-type=\"widget\" data-settings=\"{&quot;button_width&quot;:&quot;50&quot;,&quot;step_next_label&quot;:&quot;N\\u00e4chster&quot;,&quot;step_previous_label&quot;:&quot;Voriger&quot;,&quot;step_type&quot;:&quot;number_text&quot;,&quot;step_icon_shape&quot;:&quot;circle&quot;}\" data-widget_type=\"form.default\">\n\t\t\t\t\t\t\t<form class=\"elementor-form\" method=\"post\" name=\"B2B\" aria-label=\"B2B\">\n\t\t\t<input type=\"hidden\" name=\"post_id\" value=\"2640\"\/>\n\t\t\t<input type=\"hidden\" name=\"form_id\" value=\"4c213b9\"\/>\n\t\t\t<input type=\"hidden\" name=\"referer_title\" value=\"B2B - Gesch\u00e4ftskunden - Edelalpen\" \/>\n\n\t\t\t\t\t\t\t<input type=\"hidden\" name=\"queried_id\" value=\"2640\"\/>\n\t\t\t\n\t\t\t<div class=\"elementor-form-fields-wrapper elementor-labels-above\">\n\t\t\t\t\t\t\t\t<div class=\"elementor-field-type-text elementor-field-group elementor-column elementor-field-group-firma elementor-col-70 elementor-field-required elementor-mark-required\">\n\t\t\t\t\t\t\t\t\t\t\t\t<label for=\"form-field-firma\" class=\"elementor-field-label\">\n\t\t\t\t\t\t\t\tFirma\t\t\t\t\t\t\t<\/label>\n\t\t\t\t\t\t\t\t\t\t\t\t\t\t<input size=\"1\" type=\"text\" name=\"form_fields[firma]\" id=\"form-field-firma\" class=\"elementor-field elementor-size-sm  elementor-field-textual\" placeholder=\"Firma\" required=\"required\">\n\t\t\t\t\t\t\t\t\t\t\t<\/div>\n\t\t\t\t\t\t\t\t<div class=\"elementor-field-type-text elementor-field-group elementor-column elementor-field-group-webshop elementor-col-30\">\n\t\t\t\t\t\t\t\t\t\t\t\t<label for=\"form-field-webshop\" class=\"elementor-field-label\">\n\t\t\t\t\t\t\t\tWebshop URL\t\t\t\t\t\t\t<\/label>\n\t\t\t\t\t\t\t\t\t\t\t\t\t\t<input size=\"1\" type=\"text\" name=\"form_fields[webshop]\" id=\"form-field-webshop\" class=\"elementor-field elementor-size-sm  elementor-field-textual\" placeholder=\"Webshop URL\">\n\t\t\t\t\t\t\t\t\t\t\t<\/div>\n\t\t\t\t\t\t\t\t<div class=\"elementor-field-type-select elementor-field-group elementor-column elementor-field-group-field_4ee0647 elementor-col-50\">\n\t\t\t\t\t\t\t\t\t\t\t\t<label for=\"form-field-field_4ee0647\" class=\"elementor-field-label\">\n\t\t\t\t\t\t\t\tKategorie\t\t\t\t\t\t\t<\/label>\n\t\t\t\t\t\t\t\t<div class=\"elementor-field elementor-select-wrapper remove-before \">\n\t\t\t<div class=\"select-caret-down-wrapper\">\n\t\t\t\t<svg aria-hidden=\"true\" class=\"e-font-icon-svg e-eicon-caret-down\" viewBox=\"0 0 571.4 571.4\" xmlns=\"http:\/\/www.w3.org\/2000\/svg\"><path d=\"M571 393Q571 407 561 418L311 668Q300 679 286 679T261 668L11 418Q0 407 0 393T11 368 36 357H536Q550 357 561 368T571 393Z\"><\/path><\/svg>\t\t\t<\/div>\n\t\t\t<select name=\"form_fields[field_4ee0647]\" id=\"form-field-field_4ee0647\" class=\"elementor-field-textual elementor-size-sm\">\n\t\t\t\t\t\t\t\t\t<option value=\"Fachhandel\">Fachhandel<\/option>\n\t\t\t\t\t\t\t\t\t<option value=\"Getr\u00e4nkehandel\">Getr\u00e4nkehandel<\/option>\n\t\t\t\t\t\t\t\t\t<option value=\"Onlineshop\">Onlineshop<\/option>\n\t\t\t\t\t\t\t\t\t<option value=\"Bar, Caf\u00e9\">Bar, Caf\u00e9<\/option>\n\t\t\t\t\t\t\t\t\t<option value=\"Restaurant\">Restaurant<\/option>\n\t\t\t\t\t\t\t\t\t<option value=\"Hotel\">Hotel<\/option>\n\t\t\t\t\t\t\t\t\t<option value=\"Club, Pub\">Club, Pub<\/option>\n\t\t\t\t\t\t\t\t\t<option value=\"Event, Catering\">Event, Catering<\/option>\n\t\t\t\t\t\t\t<\/select>\n\t\t<\/div>\n\t\t\t\t\t\t<\/div>\n\t\t\t\t\t\t\t\t<div class=\"elementor-field-type-text elementor-field-group elementor-column elementor-field-group-ust elementor-col-50\">\n\t\t\t\t\t\t\t\t\t\t\t\t<label for=\"form-field-ust\" class=\"elementor-field-label\">\n\t\t\t\t\t\t\t\tUID \/ MwSt Nummer\t\t\t\t\t\t\t<\/label>\n\t\t\t\t\t\t\t\t\t\t\t\t\t\t<input size=\"1\" type=\"text\" name=\"form_fields[ust]\" id=\"form-field-ust\" class=\"elementor-field elementor-size-sm  elementor-field-textual\" placeholder=\"CHE-123.123.123\">\n\t\t\t\t\t\t\t\t\t\t\t<\/div>\n\t\t\t\t\t\t\t\t<div class=\"elementor-field-type-text elementor-field-group elementor-column elementor-field-group-field_f106a4d elementor-col-100 elementor-field-required elementor-mark-required\">\n\t\t\t\t\t\t\t\t\t\t\t\t<label for=\"form-field-field_f106a4d\" class=\"elementor-field-label\">\n\t\t\t\t\t\t\t\tStrasse + Nr.\t\t\t\t\t\t\t<\/label>\n\t\t\t\t\t\t\t\t\t\t\t\t\t\t<input size=\"1\" type=\"text\" name=\"form_fields[field_f106a4d]\" id=\"form-field-field_f106a4d\" class=\"elementor-field elementor-size-sm  elementor-field-textual\" placeholder=\"Strasse + Nr.\" required=\"required\">\n\t\t\t\t\t\t\t\t\t\t\t<\/div>\n\t\t\t\t\t\t\t\t<div class=\"elementor-field-type-html elementor-field-group elementor-column elementor-field-group-field_44257cc elementor-col-25\">\n\t\t\t\t\t<div>Land <span style=\"color:red\">*<\/span><\/div>\n<p>Schweiz<\/p>\t\t\t\t<\/div>\n\t\t\t\t\t\t\t\t<div class=\"elementor-field-type-text elementor-field-group elementor-column elementor-field-group-field_3e0c8f1 elementor-col-25 elementor-field-required elementor-mark-required\">\n\t\t\t\t\t\t\t\t\t\t\t\t<label for=\"form-field-field_3e0c8f1\" class=\"elementor-field-label\">\n\t\t\t\t\t\t\t\tPLZ\t\t\t\t\t\t\t<\/label>\n\t\t\t\t\t\t\t\t\t\t\t\t\t\t<input size=\"1\" type=\"text\" name=\"form_fields[field_3e0c8f1]\" id=\"form-field-field_3e0c8f1\" class=\"elementor-field elementor-size-sm  elementor-field-textual\" placeholder=\"PLZ\" required=\"required\">\n\t\t\t\t\t\t\t\t\t\t\t<\/div>\n\t\t\t\t\t\t\t\t<div class=\"elementor-field-type-text elementor-field-group elementor-column elementor-field-group-stadt elementor-col-50 elementor-field-required elementor-mark-required\">\n\t\t\t\t\t\t\t\t\t\t\t\t<label for=\"form-field-stadt\" class=\"elementor-field-label\">\n\t\t\t\t\t\t\t\tStadt\t\t\t\t\t\t\t<\/label>\n\t\t\t\t\t\t\t\t\t\t\t\t\t\t<input size=\"1\" type=\"text\" name=\"form_fields[stadt]\" id=\"form-field-stadt\" class=\"elementor-field elementor-size-sm  elementor-field-textual\" placeholder=\"Stadt\" required=\"required\">\n\t\t\t\t\t\t\t\t\t\t\t<\/div>\n\t\t\t\t\t\t\t\t<div class=\"elementor-field-type-html elementor-field-group elementor-column elementor-field-group-field_5073d99 elementor-col-100\">\n\t\t\t\t\t<h2>Kontaktdaten<\/h2>\t\t\t\t<\/div>\n\t\t\t\t\t\t\t\t<div class=\"elementor-field-type-select elementor-field-group elementor-column elementor-field-group-field_160c667 elementor-col-50\">\n\t\t\t\t\t\t\t\t\t\t\t\t<label for=\"form-field-field_160c667\" class=\"elementor-field-label\">\n\t\t\t\t\t\t\t\tSprache\t\t\t\t\t\t\t<\/label>\n\t\t\t\t\t\t\t\t<div class=\"elementor-field elementor-select-wrapper remove-before \">\n\t\t\t<div class=\"select-caret-down-wrapper\">\n\t\t\t\t<svg aria-hidden=\"true\" class=\"e-font-icon-svg e-eicon-caret-down\" viewBox=\"0 0 571.4 571.4\" xmlns=\"http:\/\/www.w3.org\/2000\/svg\"><path d=\"M571 393Q571 407 561 418L311 668Q300 679 286 679T261 668L11 418Q0 407 0 393T11 368 36 357H536Q550 357 561 368T571 393Z\"><\/path><\/svg>\t\t\t<\/div>\n\t\t\t<select name=\"form_fields[field_160c667]\" id=\"form-field-field_160c667\" class=\"elementor-field-textual elementor-size-sm\">\n\t\t\t\t\t\t\t\t\t<option value=\"Deutsch\">Deutsch<\/option>\n\t\t\t\t\t\t\t\t\t<option value=\"Francais\">Francais<\/option>\n\t\t\t\t\t\t\t\t\t<option value=\"Italiano\">Italiano<\/option>\n\t\t\t\t\t\t\t\t\t<option value=\"English\">English<\/option>\n\t\t\t\t\t\t\t<\/select>\n\t\t<\/div>\n\t\t\t\t\t\t<\/div>\n\t\t\t\t\t\t\t\t<div class=\"elementor-field-type-tel elementor-field-group elementor-column elementor-field-group-field_8e8d002 elementor-col-50 elementor-field-required elementor-mark-required\">\n\t\t\t\t\t\t\t\t\t\t\t\t<label for=\"form-field-field_8e8d002\" class=\"elementor-field-label\">\n\t\t\t\t\t\t\t\tTelefonnummer\t\t\t\t\t\t\t<\/label>\n\t\t\t\t\t\t\t\t<input size=\"1\" type=\"tel\" name=\"form_fields[field_8e8d002]\" id=\"form-field-field_8e8d002\" class=\"elementor-field elementor-size-sm  elementor-field-textual\" placeholder=\"Telefonnummer\" required=\"required\" pattern=\"[0-9()#&amp;+*-=.]+\" title=\"Seuls les caract\u00e8res de num\u00e9ros de t\u00e9l\u00e9phone (#, -, *, etc.) sont accept\u00e9s.\">\n\n\t\t\t\t\t\t<\/div>\n\t\t\t\t\t\t\t\t<div class=\"elementor-field-type-text elementor-field-group elementor-column elementor-field-group-field_85a3dd9 elementor-col-50 elementor-field-required elementor-mark-required\">\n\t\t\t\t\t\t\t\t\t\t\t\t<label for=\"form-field-field_85a3dd9\" class=\"elementor-field-label\">\n\t\t\t\t\t\t\t\tVorname\t\t\t\t\t\t\t<\/label>\n\t\t\t\t\t\t\t\t\t\t\t\t\t\t<input size=\"1\" type=\"text\" name=\"form_fields[field_85a3dd9]\" id=\"form-field-field_85a3dd9\" class=\"elementor-field elementor-size-sm  elementor-field-textual\" placeholder=\"Vorname\" required=\"required\">\n\t\t\t\t\t\t\t\t\t\t\t<\/div>\n\t\t\t\t\t\t\t\t<div class=\"elementor-field-type-text elementor-field-group elementor-column elementor-field-group-field_cd8f627 elementor-col-50 elementor-field-required elementor-mark-required\">\n\t\t\t\t\t\t\t\t\t\t\t\t<label for=\"form-field-field_cd8f627\" class=\"elementor-field-label\">\n\t\t\t\t\t\t\t\tNachname\t\t\t\t\t\t\t<\/label>\n\t\t\t\t\t\t\t\t\t\t\t\t\t\t<input size=\"1\" type=\"text\" name=\"form_fields[field_cd8f627]\" id=\"form-field-field_cd8f627\" class=\"elementor-field elementor-size-sm  elementor-field-textual\" placeholder=\"Nachname\" required=\"required\">\n\t\t\t\t\t\t\t\t\t\t\t<\/div>\n\t\t\t\t\t\t\t\t<div class=\"elementor-field-type-email elementor-field-group elementor-column elementor-field-group-field_1dd48be elementor-col-50 elementor-field-required elementor-mark-required\">\n\t\t\t\t\t\t\t\t\t\t\t\t<label for=\"form-field-field_1dd48be\" class=\"elementor-field-label\">\n\t\t\t\t\t\t\t\tE-Mail\t\t\t\t\t\t\t<\/label>\n\t\t\t\t\t\t\t\t\t\t\t\t\t\t<input size=\"1\" type=\"email\" name=\"form_fields[field_1dd48be]\" id=\"form-field-field_1dd48be\" class=\"elementor-field elementor-size-sm  elementor-field-textual\" placeholder=\"E-Mail\" required=\"required\">\n\t\t\t\t\t\t\t\t\t\t\t<\/div>\n\t\t\t\t\t\t\t\t<div class=\"elementor-field-type-email elementor-field-group elementor-column elementor-field-group-field_9270be7 elementor-col-50 elementor-field-required elementor-mark-required\">\n\t\t\t\t\t\t\t\t\t\t\t\t<label for=\"form-field-field_9270be7\" class=\"elementor-field-label\">\n\t\t\t\t\t\t\t\tE-Mail best\u00e4tigen\t\t\t\t\t\t\t<\/label>\n\t\t\t\t\t\t\t\t\t\t\t\t\t\t<input size=\"1\" type=\"email\" name=\"form_fields[field_9270be7]\" id=\"form-field-field_9270be7\" class=\"elementor-field elementor-size-sm  elementor-field-textual\" placeholder=\"E-Mail best\u00e4tigen\" required=\"required\">\n\t\t\t\t\t\t\t\t\t\t\t<\/div>\n\t\t\t\t\t\t\t\t<div class=\"elementor-field-type-password elementor-field-group elementor-column elementor-field-group-field_8fd3c80 elementor-col-50 elementor-field-required elementor-mark-required\">\n\t\t\t\t\t\t\t\t\t\t\t\t<label for=\"form-field-field_8fd3c80\" class=\"elementor-field-label\">\n\t\t\t\t\t\t\t\tPasswort\t\t\t\t\t\t\t<\/label>\n\t\t\t\t\t\t\t\t\t\t\t\t\t\t<input size=\"1\" type=\"password\" name=\"form_fields[field_8fd3c80]\" id=\"form-field-field_8fd3c80\" class=\"elementor-field elementor-size-sm  elementor-field-textual\" placeholder=\"Passwort\" required=\"required\">\n\t\t\t\t\t\t\t\t\t\t\t<\/div>\n\t\t\t\t\t\t\t\t<div class=\"elementor-field-type-password elementor-field-group elementor-column elementor-field-group-field_cc7ee7a elementor-col-50 elementor-field-required elementor-mark-required\">\n\t\t\t\t\t\t\t\t\t\t\t\t<label for=\"form-field-field_cc7ee7a\" class=\"elementor-field-label\">\n\t\t\t\t\t\t\t\tPasswort best\u00e4tigen\t\t\t\t\t\t\t<\/label>\n\t\t\t\t\t\t\t\t\t\t\t\t\t\t<input size=\"1\" type=\"password\" name=\"form_fields[field_cc7ee7a]\" id=\"form-field-field_cc7ee7a\" class=\"elementor-field elementor-size-sm  elementor-field-textual\" placeholder=\"Passwort best\u00e4tigen\" required=\"required\">\n\t\t\t\t\t\t\t\t\t\t\t<\/div>\n\t\t\t\t\t\t\t\t<div class=\"elementor-field-type-checkbox elementor-field-group elementor-column elementor-field-group-field_64a4e64 elementor-col-100\">\n\t\t\t\t\t<div class=\"elementor-field-subgroup  \"><span class=\"elementor-field-option\"><input type=\"checkbox\" value=\"Newsletter anmelden\" id=\"form-field-field_64a4e64-0\" name=\"form_fields[field_64a4e64]\"> <label for=\"form-field-field_64a4e64-0\">Newsletter anmelden<\/label><\/span><\/div>\t\t\t\t<\/div>\n\t\t\t\t\t\t\t\t<div class=\"elementor-field-type-text\">\n\t\t\t\t\t<input size=\"1\" type=\"text\" name=\"form_fields[field_3fad293]\" id=\"form-field-field_3fad293\" class=\"elementor-field elementor-size-sm \" style=\"display:none !important;\">\t\t\t\t<\/div>\n\t\t\t\t\t\t\t\t<div class=\"elementor-field-type-recaptcha_v3 elementor-field-group elementor-column elementor-field-group-field_090206b elementor-col-100 recaptcha_v3-bottomright\">\n\t\t\t\t\t<div class=\"elementor-field\" id=\"form-field-field_090206b\"><div class=\"elementor-g-recaptcha\" data-sitekey=\"6LfwINcrAAAAAElP_5j7_bKR2y6KhDzWiMNxsK_H\" data-type=\"v3\" data-action=\"Form\" data-badge=\"bottomright\" data-size=\"invisible\"><\/div><\/div>\t\t\t\t<\/div>\n\t\t\t\t\t\t\t\t<div class=\"elementor-field-group elementor-column elementor-field-type-submit elementor-col-50 e-form__buttons\">\n\t\t\t\t\t<button class=\"elementor-button elementor-size-md\" type=\"submit\">\n\t\t\t\t\t\t<span class=\"elementor-button-content-wrapper\">\n\t\t\t\t\t\t\t\t\t\t\t\t\t\t\t\t\t\t\t\t\t\t<span class=\"elementor-button-text\">Konto erstellen<\/span>\n\t\t\t\t\t\t\t\t\t\t\t\t\t<\/span>\n\t\t\t\t\t<\/button>\n\t\t\t\t<\/div>\n\t\t\t<\/div>\n\t\t<\/form>\n\t\t\t\t\t\t<\/div>\n\t\t\t\t<\/div>\n\t\t<div class=\"elementor-element elementor-element-01f2e6e e-con-full e-flex e-con e-child\" data-id=\"01f2e6e\" data-element_type=\"container\" data-e-type=\"container\">\n\t\t\t\t<div class=\"elementor-element elementor-element-054d277 elementor-widget elementor-widget-heading\" data-id=\"054d277\" data-element_type=\"widget\" data-e-type=\"widget\" data-widget_type=\"heading.default\">\n\t\t\t\t\t<h2 class=\"elementor-heading-title elementor-size-default\">Datenschutz<\/h2>\t\t\t\t<\/div>\n\t\t\t\t<div class=\"elementor-element elementor-element-6722c8c elementor-widget elementor-widget-text-editor\" data-id=\"6722c8c\" data-element_type=\"widget\" data-e-type=\"widget\" data-widget_type=\"text-editor.default\">\n\t\t\t\t\t\t\t\t\t<p>Datenschutz ist Vertrauenssache und Ihr Vertrauen ist uns wichtig. Wir respektieren Ihre Pers\u00f6nlichkeit und Privatsph\u00e4re. Darum stellen wir den Schutz und die gesetzeskonforme Bearbeitung Ihrer personenbezogenen Daten sicher.<\/p>\t\t\t\t\t\t\t\t<\/div>\n\t\t\t\t<div class=\"elementor-element elementor-element-4e31651 elementor-widget elementor-widget-heading\" data-id=\"4e31651\" data-element_type=\"widget\" data-e-type=\"widget\" data-widget_type=\"heading.default\">\n\t\t\t\t\t<h2 class=\"elementor-heading-title elementor-size-default\">Lieferung und Versand<\/h2>\t\t\t\t<\/div>\n\t\t\t\t<div class=\"elementor-element elementor-element-5fd32b7 elementor-widget elementor-widget-text-editor\" data-id=\"5fd32b7\" data-element_type=\"widget\" data-e-type=\"widget\" data-widget_type=\"text-editor.default\">\n\t\t\t\t\t\t\t\t\t<p>Bitte beachten Sie, dass wir nur in folgende L\u00e4nder liefern k\u00f6nnen:\u00a0<strong>Schweiz \/ Liechtenstein<\/strong><\/p>\t\t\t\t\t\t\t\t<\/div>\n\t\t\t\t<div class=\"elementor-element elementor-element-de5313a elementor-widget elementor-widget-heading\" data-id=\"de5313a\" data-element_type=\"widget\" data-e-type=\"widget\" data-widget_type=\"heading.default\">\n\t\t\t\t\t<h2 class=\"elementor-heading-title elementor-size-default\">Hinweis<\/h2>\t\t\t\t<\/div>\n\t\t\t\t<div class=\"elementor-element elementor-element-0c50c80 elementor-widget elementor-widget-text-editor\" data-id=\"0c50c80\" data-element_type=\"widget\" data-e-type=\"widget\" data-widget_type=\"text-editor.default\">\n\t\t\t\t\t\t\t\t\t<p>Vorzugskonditionen k\u00f6nnen nur an Gastrobetriebe und Fachh\u00e4ndlern gew\u00e4hrt werden.<\/p>\t\t\t\t\t\t\t\t<\/div>\n\t\t\t\t<\/div>\n\t\t\t\t<\/div>\n\t\t\t\t\t<\/div>\n\t\t\t\t<\/div>\n\t\t\t\t<\/div>\n\t\t","protected":false},"excerpt":{"rendered":"<p>Datenschutz Datenschutz ist Vertrauenssache und Ihr Vertrauen ist uns wichtig. Wir respektieren Ihre Pers\u00f6nlichkeit und Privatsph\u00e4re. Darum stellen wir den Schutz und die gesetzeskonforme Bearbeitung Ihrer personenbezogenen Daten sicher. Lieferung und Versand Bitte beachten Sie, dass wir nur in folgende L\u00e4nder liefern k\u00f6nnen:\u00a0Schweiz \/ Liechtenstein Hinweis Vorzugskonditionen k\u00f6nnen nur an Gastrobetriebe und Fachh\u00e4ndlern gew\u00e4hrt werden.<\/p>","protected":false},"author":1,"featured_media":0,"parent":0,"menu_order":16,"comment_status":"closed","ping_status":"closed","template":"","meta":{"_acf_changed":false,"footnotes":""},"class_list":["post-2640","page","type-page","status-publish","hentry"],"acf":[],"_links":{"self":[{"href":"https:\/\/edelalpen.ch\/fr\/wp-json\/wp\/v2\/pages\/2640","targetHints":{"allow":["GET"]}}],"collection":[{"href":"https:\/\/edelalpen.ch\/fr\/wp-json\/wp\/v2\/pages"}],"about":[{"href":"https:\/\/edelalpen.ch\/fr\/wp-json\/wp\/v2\/types\/page"}],"author":[{"embeddable":true,"href":"https:\/\/edelalpen.ch\/fr\/wp-json\/wp\/v2\/users\/1"}],"replies":[{"embeddable":true,"href":"https:\/\/edelalpen.ch\/fr\/wp-json\/wp\/v2\/comments?post=2640"}],"version-history":[{"count":26,"href":"https:\/\/edelalpen.ch\/fr\/wp-json\/wp\/v2\/pages\/2640\/revisions"}],"predecessor-version":[{"id":3522,"href":"https:\/\/edelalpen.ch\/fr\/wp-json\/wp\/v2\/pages\/2640\/revisions\/3522"}],"wp:attachment":[{"href":"https:\/\/edelalpen.ch\/fr\/wp-json\/wp\/v2\/media?parent=2640"}],"curies":[{"name":"wp","href":"https:\/\/api.w.org\/{rel}","templated":true}]}}