{"id":3027,"date":"2025-09-27T18:03:20","date_gmt":"2025-09-27T16:03:20","guid":{"rendered":"https:\/\/edelalpen.ch\/?page_id=3027"},"modified":"2025-11-10T15:13:41","modified_gmt":"2025-11-10T14:13:41","slug":"degustation-de-spiritueux","status":"publish","type":"page","link":"https:\/\/edelalpen.ch\/fr\/degustation-de-spiritueux\/","title":{"rendered":"D\u00e9gustation de spiritueux - le plaisir en bonne compagnie"},"content":{"rendered":"<div data-elementor-type=\"wp-page\" data-elementor-id=\"3027\" class=\"elementor elementor-3027\" data-elementor-post-type=\"page\">\n\t\t\t\t<div class=\"elementor-element elementor-element-d5e644b e-flex e-con-boxed e-con e-parent\" data-id=\"d5e644b\" data-element_type=\"container\" data-e-type=\"container\">\n\t\t\t\t\t<div class=\"e-con-inner\">\n\t\t\t\t<div class=\"elementor-element elementor-element-64d3155 elementor-widget elementor-widget-heading\" data-id=\"64d3155\" data-element_type=\"widget\" data-e-type=\"widget\" data-widget_type=\"heading.default\">\n\t\t\t\t\t<h1 class=\"elementor-heading-title elementor-size-default\">D\u00e9gustation de spiritueux - le plaisir en bonne compagnie<\/h1>\t\t\t\t<\/div>\n\t\t\t\t\t<\/div>\n\t\t\t\t<\/div>\n\t\t<div class=\"elementor-element elementor-element-2f5ca38b e-flex e-con-boxed e-con e-parent\" data-id=\"2f5ca38b\" data-element_type=\"container\" data-e-type=\"container\">\n\t\t\t\t\t<div class=\"e-con-inner\">\n\t\t<div class=\"elementor-element elementor-element-615b011b e-con-full e-flex e-con e-child\" data-id=\"615b011b\" data-element_type=\"container\" data-e-type=\"container\">\n\t\t\t\t<div class=\"elementor-element elementor-element-1735eed elementor-widget elementor-widget-text-editor\" data-id=\"1735eed\" data-element_type=\"widget\" data-e-type=\"widget\" data-widget_type=\"text-editor.default\">\n\t\t\t\t\t\t\t\t\t<p>Vous souhaitez savoir comment est produit un vin mousseux fin ou comment sont distill\u00e9s de nobles spiritueux ?<\/p><p>Et vous souhaitez passer un moment agr\u00e9able avec vos amis, chez vous ou au travail ?<\/p><p>Nous organisons des d\u00e9gustations priv\u00e9es selon vos souhaits - \u00e0 domicile ou en entreprise.<\/p><ul><li>Dur\u00e9e : 2 heures<\/li><li>\u00c0 partir de 6 personnes : 45 CHF par personne<br \/>6 spiritueux de 2 cl (1 mousseux \u00e9galement possible) et eau min\u00e9rale<\/li><li>Foodpairing en option (avec des petites bouch\u00e9es pour chaque boisson) : + CHF 30.- par personne<\/li><\/ul><p>Afin de pouvoir satisfaire \u00e0 la date souhait\u00e9e, il est recommand\u00e9 de demander un rendez-vous suffisamment t\u00f4t.<\/p><p>Vous avez une question pr\u00e9alable ? Vous pouvez nous joindre par t\u00e9l\u00e9phone au +41 52 315 46 10 ou par e-mail \u00e0 l'adresse suivante <a href=\"mailto:info@edelalpen.ch\">info@edelalpen.ch<\/a>.<\/p>\t\t\t\t\t\t\t\t<\/div>\n\t\t\t\t<\/div>\n\t\t<div class=\"elementor-element elementor-element-2748f8c0 e-con-full e-flex e-con e-child\" data-id=\"2748f8c0\" data-element_type=\"container\" data-e-type=\"container\">\n\t\t\t\t<div class=\"elementor-element elementor-element-fe8a7d1 elementor-widget elementor-widget-image\" data-id=\"fe8a7d1\" data-element_type=\"widget\" data-e-type=\"widget\" data-widget_type=\"image.default\">\n\t\t\t\t\t\t\t\t\t\t\t\t\t\t\t<img fetchpriority=\"high\" decoding=\"async\" width=\"800\" height=\"534\" src=\"https:\/\/edelalpen.ch\/wp-content\/uploads\/2025\/09\/StUrban_Auszeichnungen-1024x683.jpg\" class=\"attachment-large size-large wp-image-2385\" alt=\"Bottles of Falstaff Grappa Lagrein and St. Urban Distillery spirits lined up on a shelf with rating cards.\" srcset=\"https:\/\/edelalpen.ch\/wp-content\/uploads\/2025\/09\/StUrban_Auszeichnungen-1024x683.jpg 1024w, https:\/\/edelalpen.ch\/wp-content\/uploads\/2025\/09\/StUrban_Auszeichnungen-600x400.jpg 600w, https:\/\/edelalpen.ch\/wp-content\/uploads\/2025\/09\/StUrban_Auszeichnungen-300x200.jpg 300w, https:\/\/edelalpen.ch\/wp-content\/uploads\/2025\/09\/StUrban_Auszeichnungen-768x512.jpg 768w, https:\/\/edelalpen.ch\/wp-content\/uploads\/2025\/09\/StUrban_Auszeichnungen-1536x1024.jpg 1536w, https:\/\/edelalpen.ch\/wp-content\/uploads\/2025\/09\/StUrban_Auszeichnungen-18x12.jpg 18w, https:\/\/edelalpen.ch\/wp-content\/uploads\/2025\/09\/StUrban_Auszeichnungen-1320x880.jpg 1320w, https:\/\/edelalpen.ch\/wp-content\/uploads\/2025\/09\/StUrban_Auszeichnungen.jpg 1920w\" sizes=\"(max-width: 800px) 100vw, 800px\" \/>\t\t\t\t\t\t\t\t\t\t\t\t\t\t\t<\/div>\n\t\t\t\t<\/div>\n\t\t\t\t\t<\/div>\n\t\t\t\t<\/div>\n\t\t\t\t<\/div>","protected":false},"excerpt":{"rendered":"<p>M\u00f6chten Sie wissen, wie feiner Sekt entsteht oder wie edle Spirituosen gebrannt werden? Und Sie m\u00f6chten eine gem\u00fctliche Zeit mit ihren Freunden bei Ihnen zu Hause oder in der Firma verbringen? Wir organisieren private Tastings nach Ihren W\u00fcnschen \u2013 zuhause oder im Unternehmen. Dauer: 2 Stunden Ab 6 Personen: CHF 45.- pro Person 6 Spirituosen [&hellip;]<\/p>\n","protected":false},"author":1,"featured_media":0,"parent":0,"menu_order":21,"comment_status":"closed","ping_status":"closed","template":"","meta":{"_acf_changed":false,"footnotes":""},"class_list":["post-3027","page","type-page","status-publish","hentry"],"acf":[],"_links":{"self":[{"href":"https:\/\/edelalpen.ch\/fr\/wp-json\/wp\/v2\/pages\/3027","targetHints":{"allow":["GET"]}}],"collection":[{"href":"https:\/\/edelalpen.ch\/fr\/wp-json\/wp\/v2\/pages"}],"about":[{"href":"https:\/\/edelalpen.ch\/fr\/wp-json\/wp\/v2\/types\/page"}],"author":[{"embeddable":true,"href":"https:\/\/edelalpen.ch\/fr\/wp-json\/wp\/v2\/users\/1"}],"replies":[{"embeddable":true,"href":"https:\/\/edelalpen.ch\/fr\/wp-json\/wp\/v2\/comments?post=3027"}],"version-history":[{"count":11,"href":"https:\/\/edelalpen.ch\/fr\/wp-json\/wp\/v2\/pages\/3027\/revisions"}],"predecessor-version":[{"id":3519,"href":"https:\/\/edelalpen.ch\/fr\/wp-json\/wp\/v2\/pages\/3027\/revisions\/3519"}],"wp:attachment":[{"href":"https:\/\/edelalpen.ch\/fr\/wp-json\/wp\/v2\/media?parent=3027"}],"curies":[{"name":"wp","href":"https:\/\/api.w.org\/{rel}","templated":true}]}}