{"id":2728,"date":"2025-09-25T12:59:59","date_gmt":"2025-09-25T10:59:59","guid":{"rendered":"https:\/\/edelalpen.ch\/?post_type=product&#038;p=2728"},"modified":"2025-10-17T09:45:29","modified_gmt":"2025-10-17T07:45:29","slug":"st-urban-gin-44-vol-05-l","status":"publish","type":"product","link":"https:\/\/edelalpen.ch\/fr\/boutique\/spiritueux\/st-urban-gin-44-vol-05-l\/","title":{"rendered":"St. Urban - Gin 44% vol., 0,5 l"},"content":{"rendered":"<p>C'est avec beaucoup de passion que la recette du St. Urban S\u00fcdtirol GIN a vu le jour. De merveilleux ar\u00f4mes d'agrumes m\u00e9diterran\u00e9ens et une fra\u00eecheur prononc\u00e9e attendent votre nez. Le go\u00fbt en bouche est clair et net, avec des ar\u00f4mes de geni\u00e8vre envo\u00fbtants.<\/p>\n<p>&nbsp;<\/p>\n<p>Dans la distillerie familiale St. Urban, le partage des t\u00e2ches entre le p\u00e8re (ma\u00eetre distillateur et sensoriel) et le fils est, depuis 2008, une interaction parfaite entre une longue exp\u00e9rience et la cr\u00e9ativit\u00e9 de la jeunesse. Pour les eaux-de-vie, seuls des fruits parfaitement m\u00fbrs et non ab\u00eem\u00e9s provenant de la propre culture sont utilis\u00e9s. Tous les distillats sont de purs morceaux de c\u0153ur de la nature.<\/p>","protected":false},"excerpt":{"rendered":"<p>Mit viel Leidenschaft entstand das Rezept f\u00fcr den St. Urban S\u00fcdtirol GIN. Wunderbare mediterrane Zitrusaromen und eine ausgepr\u00e4gte Frische erwarten ihre Nase.\u00a0Das Geschmackserlebnis im Gaumen ist klar und sauber und erf\u00e4hrt eine bet\u00f6rende Wacholderaromatik. &nbsp; Bei der familiengef\u00fchrten Brennerei St. Urban ist seit 2008 die Arbeitsteilung zwischen Vater (Brennmeister und Sensoriker) und Sohn ein perfektes [&hellip;]<\/p>\n","protected":false},"featured_media":3162,"comment_status":"open","ping_status":"closed","template":"","meta":{"_acf_changed":false},"product_brand":[41],"product_cat":[35],"product_tag":[],"class_list":{"0":"post-2728","1":"product","2":"type-product","3":"status-publish","4":"has-post-thumbnail","6":"product_brand-st-urban","7":"product_cat-spirituosen","9":"first","10":"instock","11":"taxable","12":"shipping-taxable","13":"purchasable","14":"product-type-simple","15":"add-to-wishlist-before_image"},"acf":[],"_links":{"self":[{"href":"https:\/\/edelalpen.ch\/fr\/wp-json\/wp\/v2\/product\/2728","targetHints":{"allow":["GET"]}}],"collection":[{"href":"https:\/\/edelalpen.ch\/fr\/wp-json\/wp\/v2\/product"}],"about":[{"href":"https:\/\/edelalpen.ch\/fr\/wp-json\/wp\/v2\/types\/product"}],"replies":[{"embeddable":true,"href":"https:\/\/edelalpen.ch\/fr\/wp-json\/wp\/v2\/comments?post=2728"}],"wp:featuredmedia":[{"embeddable":true,"href":"https:\/\/edelalpen.ch\/fr\/wp-json\/wp\/v2\/media\/3162"}],"wp:attachment":[{"href":"https:\/\/edelalpen.ch\/fr\/wp-json\/wp\/v2\/media?parent=2728"}],"wp:term":[{"taxonomy":"product_brand","embeddable":true,"href":"https:\/\/edelalpen.ch\/fr\/wp-json\/wp\/v2\/product_brand?post=2728"},{"taxonomy":"product_cat","embeddable":true,"href":"https:\/\/edelalpen.ch\/fr\/wp-json\/wp\/v2\/product_cat?post=2728"},{"taxonomy":"product_tag","embeddable":true,"href":"https:\/\/edelalpen.ch\/fr\/wp-json\/wp\/v2\/product_tag?post=2728"}],"curies":[{"name":"wp","href":"https:\/\/api.w.org\/{rel}","templated":true}]}}