{"id":2731,"date":"2025-09-25T13:21:45","date_gmt":"2025-09-25T11:21:45","guid":{"rendered":"https:\/\/edelalpen.ch\/?post_type=product&#038;p=2731"},"modified":"2026-04-03T15:01:53","modified_gmt":"2026-04-03T13:01:53","slug":"st-urban-blutorangengeist-moro-41-vol-05-l","status":"publish","type":"product","link":"https:\/\/edelalpen.ch\/fr\/boutique\/spiritueux\/st-urban-blutorangengeist-moro-41-vol-05-l\/","title":{"rendered":"St. Urban - Esprit d'orange sanguine Moro 41% vol, 0,5 l"},"content":{"rendered":"<p>Des fruits siciliens m\u00fbrs \u00e0 point et non trait\u00e9s mac\u00e8rent pendant plusieurs semaines avant d'\u00eatre distill\u00e9s en douceur. Un jeu d'ar\u00f4mes d\u00e9licat, mais d'une grande finesse, avec une agr\u00e9able et claire persistance en fin de bouche, vous attend avec cet esprit.<\/p>\n<p>&nbsp;<\/p>\n<p>Dans la distillerie familiale St. Urban, le partage des t\u00e2ches entre le p\u00e8re (ma\u00eetre distillateur et sensoriel) et le fils est, depuis 2008, une interaction parfaite entre une longue exp\u00e9rience et la cr\u00e9ativit\u00e9 de la jeunesse. Pour les eaux-de-vie, seuls des fruits parfaitement m\u00fbrs et non ab\u00eem\u00e9s provenant de la propre culture sont utilis\u00e9s. Tous les distillats sont de purs morceaux de c\u0153ur de la nature.<\/p>","protected":false},"excerpt":{"rendered":"<p>Vollreife, unbehandelte Fr\u00fcchte aus Sizilien marzerieren f\u00fcr mehrere Wochen, danach erfolgt eine schonende Destillation.\u00a0Ein zartes, aber allerfeinstes Aromaspiel mit angenehmem und klarem Nachhall im Abgang erwartet Sie bei diesem Geist. &nbsp; Bei der familiengef\u00fchrten Brennerei St. Urban ist seit 2008 die Arbeitsteilung zwischen Vater (Brennmeister und Sensoriker) und Sohn ein perfektes Zusammenspiel von langj\u00e4hriger Erfahrung [&hellip;]<\/p>\n","protected":false},"featured_media":3386,"comment_status":"open","ping_status":"closed","template":"","meta":{"_acf_changed":false},"product_brand":[41],"product_cat":[35,37],"product_tag":[],"class_list":{"0":"post-2731","1":"product","2":"type-product","3":"status-publish","4":"has-post-thumbnail","6":"product_brand-st-urban","7":"product_cat-spirituosen","8":"product_cat-geschenkideen","10":"first","11":"instock","12":"taxable","13":"shipping-taxable","14":"purchasable","15":"product-type-simple","16":"add-to-wishlist-before_image"},"acf":[],"_links":{"self":[{"href":"https:\/\/edelalpen.ch\/fr\/wp-json\/wp\/v2\/product\/2731","targetHints":{"allow":["GET"]}}],"collection":[{"href":"https:\/\/edelalpen.ch\/fr\/wp-json\/wp\/v2\/product"}],"about":[{"href":"https:\/\/edelalpen.ch\/fr\/wp-json\/wp\/v2\/types\/product"}],"replies":[{"embeddable":true,"href":"https:\/\/edelalpen.ch\/fr\/wp-json\/wp\/v2\/comments?post=2731"}],"wp:featuredmedia":[{"embeddable":true,"href":"https:\/\/edelalpen.ch\/fr\/wp-json\/wp\/v2\/media\/3386"}],"wp:attachment":[{"href":"https:\/\/edelalpen.ch\/fr\/wp-json\/wp\/v2\/media?parent=2731"}],"wp:term":[{"taxonomy":"product_brand","embeddable":true,"href":"https:\/\/edelalpen.ch\/fr\/wp-json\/wp\/v2\/product_brand?post=2731"},{"taxonomy":"product_cat","embeddable":true,"href":"https:\/\/edelalpen.ch\/fr\/wp-json\/wp\/v2\/product_cat?post=2731"},{"taxonomy":"product_tag","embeddable":true,"href":"https:\/\/edelalpen.ch\/fr\/wp-json\/wp\/v2\/product_tag?post=2731"}],"curies":[{"name":"wp","href":"https:\/\/api.w.org\/{rel}","templated":true}]}}