{"id":3258,"date":"2025-10-17T14:21:05","date_gmt":"2025-10-17T12:21:05","guid":{"rendered":"https:\/\/edelalpen.ch\/?post_type=product&#038;p=3258"},"modified":"2025-11-01T10:08:15","modified_gmt":"2025-11-01T09:08:15","slug":"felsenriss-grappa-lagrein-40-vol-05-l","status":"publish","type":"product","link":"https:\/\/edelalpen.ch\/fr\/boutique\/spiritueux\/felsenriss-grappa-lagrein-40-vol-05-l\/","title":{"rendered":"Felsenriss - Grappa Lagrein 40% vol., 0,5 l"},"content":{"rendered":"<p>La grappa Felsenriss Lagrein se pr\u00eate particuli\u00e8rement bien comme digestif apr\u00e8s des plats de viande lourds ou en accompagnement d'un caf\u00e9 aromatique.<\/p>\n<p>La distillerie Felsenriss, en plein essor, allie la tradition artisanale \u00e0 une grande expertise (distillateur et technologue en boissons ayant obtenu les meilleures notes) et utilise des fruits bien m\u00fbrs provenant de la ferme familiale.<\/p>","protected":false},"excerpt":{"rendered":"<p>Der Felsenriss Lagrein Grappa bietet sich besonders als Digestiv nach schweren Fleischspeisen oder als Begleitung zu aromatischem Kaffee an. Die aufstrebende Brennerei Felsenriss verbindet Handwerkstradition mit viel Fachwissen (Destillateur und Getr\u00e4nketechnologe mit Bestnoten) und nutzt vollreife Fr\u00fcchte vom famili\u00e4ren Hof.<\/p>","protected":false},"featured_media":3039,"comment_status":"open","ping_status":"closed","template":"","meta":{"_acf_changed":false},"product_brand":[40],"product_cat":[35],"product_tag":[],"class_list":{"0":"post-3258","1":"product","2":"type-product","3":"status-publish","4":"has-post-thumbnail","6":"product_brand-felsenriss","7":"product_cat-spirituosen","9":"first","10":"instock","11":"taxable","12":"shipping-taxable","13":"purchasable","14":"product-type-simple","15":"add-to-wishlist-before_image"},"acf":[],"_links":{"self":[{"href":"https:\/\/edelalpen.ch\/fr\/wp-json\/wp\/v2\/product\/3258","targetHints":{"allow":["GET"]}}],"collection":[{"href":"https:\/\/edelalpen.ch\/fr\/wp-json\/wp\/v2\/product"}],"about":[{"href":"https:\/\/edelalpen.ch\/fr\/wp-json\/wp\/v2\/types\/product"}],"replies":[{"embeddable":true,"href":"https:\/\/edelalpen.ch\/fr\/wp-json\/wp\/v2\/comments?post=3258"}],"wp:featuredmedia":[{"embeddable":true,"href":"https:\/\/edelalpen.ch\/fr\/wp-json\/wp\/v2\/media\/3039"}],"wp:attachment":[{"href":"https:\/\/edelalpen.ch\/fr\/wp-json\/wp\/v2\/media?parent=3258"}],"wp:term":[{"taxonomy":"product_brand","embeddable":true,"href":"https:\/\/edelalpen.ch\/fr\/wp-json\/wp\/v2\/product_brand?post=3258"},{"taxonomy":"product_cat","embeddable":true,"href":"https:\/\/edelalpen.ch\/fr\/wp-json\/wp\/v2\/product_cat?post=3258"},{"taxonomy":"product_tag","embeddable":true,"href":"https:\/\/edelalpen.ch\/fr\/wp-json\/wp\/v2\/product_tag?post=3258"}],"curies":[{"name":"wp","href":"https:\/\/api.w.org\/{rel}","templated":true}]}}