{"id":3262,"date":"2025-10-17T14:21:04","date_gmt":"2025-10-17T12:21:04","guid":{"rendered":"https:\/\/edelalpen.ch\/?post_type=product&#038;p=3262"},"modified":"2025-10-19T11:40:07","modified_gmt":"2025-10-19T09:40:07","slug":"felsenriss-goldmuskateller-40-vol-05-l","status":"publish","type":"product","link":"https:\/\/edelalpen.ch\/fr\/boutique\/spiritueux\/felsenriss-goldmuskateller-40-vol-05-l\/","title":{"rendered":"Felsenriss - Muscat d'or 40% vol., 0,5 l"},"content":{"rendered":"<p>Id\u00e9al comme digestif pour les moments particuliers - ou pour accompagner avec style les fromages affin\u00e9s, le chocolat aux \u00e9pices ou les noix grill\u00e9es.<\/p>\n<p>&nbsp;<\/p>\n<p>La distillerie Felsenriss, en plein essor, allie la tradition artisanale \u00e0 une grande expertise (distillateur et technologue en boissons ayant obtenu les meilleures notes) et utilise des fruits bien m\u00fbrs provenant de la ferme familiale.<\/p>","protected":false},"excerpt":{"rendered":"<p>Ideal als Digestif f\u00fcr besondere Momente \u2013 oder als stilvolle Begleitung zu gereiftem K\u00e4se, Schokolade mit Gew\u00fcrzen oder ger\u00f6steten N\u00fcssen. &nbsp; Die aufstrebende Brennerei Felsenriss verbindet Handwerkstradition mit viel Fachwissen (Destillateur und Getr\u00e4nketechnologe mit Bestnoten) und nutzt vollreife Fr\u00fcchte vom famili\u00e4ren Hof.<\/p>","protected":false},"featured_media":3342,"comment_status":"open","ping_status":"closed","template":"","meta":{"_acf_changed":false},"product_brand":[40],"product_cat":[35],"product_tag":[],"class_list":{"0":"post-3262","1":"product","2":"type-product","3":"status-publish","4":"has-post-thumbnail","6":"product_brand-felsenriss","7":"product_cat-spirituosen","9":"first","10":"instock","11":"taxable","12":"shipping-taxable","13":"purchasable","14":"product-type-simple","15":"add-to-wishlist-before_image"},"acf":[],"_links":{"self":[{"href":"https:\/\/edelalpen.ch\/fr\/wp-json\/wp\/v2\/product\/3262","targetHints":{"allow":["GET"]}}],"collection":[{"href":"https:\/\/edelalpen.ch\/fr\/wp-json\/wp\/v2\/product"}],"about":[{"href":"https:\/\/edelalpen.ch\/fr\/wp-json\/wp\/v2\/types\/product"}],"replies":[{"embeddable":true,"href":"https:\/\/edelalpen.ch\/fr\/wp-json\/wp\/v2\/comments?post=3262"}],"wp:featuredmedia":[{"embeddable":true,"href":"https:\/\/edelalpen.ch\/fr\/wp-json\/wp\/v2\/media\/3342"}],"wp:attachment":[{"href":"https:\/\/edelalpen.ch\/fr\/wp-json\/wp\/v2\/media?parent=3262"}],"wp:term":[{"taxonomy":"product_brand","embeddable":true,"href":"https:\/\/edelalpen.ch\/fr\/wp-json\/wp\/v2\/product_brand?post=3262"},{"taxonomy":"product_cat","embeddable":true,"href":"https:\/\/edelalpen.ch\/fr\/wp-json\/wp\/v2\/product_cat?post=3262"},{"taxonomy":"product_tag","embeddable":true,"href":"https:\/\/edelalpen.ch\/fr\/wp-json\/wp\/v2\/product_tag?post=3262"}],"curies":[{"name":"wp","href":"https:\/\/api.w.org\/{rel}","templated":true}]}}