{"id":3263,"date":"2025-10-17T14:21:04","date_gmt":"2025-10-17T12:21:04","guid":{"rendered":"https:\/\/edelalpen.ch\/?post_type=product&#038;p=3263"},"modified":"2025-10-19T11:58:03","modified_gmt":"2025-10-19T09:58:03","slug":"felsenriss-zirbengrappa-40-vol-05-l","status":"publish","type":"product","link":"https:\/\/edelalpen.ch\/fr\/boutique\/spiritueux\/felsenriss-zirbengrappa-40-vol-05-l\/","title":{"rendered":"Felsenriss - Grappa d'arolle 40% vol., 0,5 l"},"content":{"rendered":"<p>L'eau-de-vie de pin sylvestre se d\u00e9guste volontiers pure avec le classique Speckbrettl du Tyrol du Sud ou agr\u00e9ment\u00e9e d'un bon tonic pour un long drink.<\/p>\n<p>&nbsp;<\/p>\n<p>La distillerie Felsenriss, en plein essor, allie la tradition artisanale \u00e0 une grande expertise (distillateur et technologue en boissons ayant obtenu les meilleures notes) et utilise des fruits bien m\u00fbrs provenant de la ferme familiale.<\/p>","protected":false},"excerpt":{"rendered":"<p>Der Zirbenschnaps wird gerne pur zum klassischen S\u00fcdtiroler Speckbrettl genossen oder auch mit einem guten Tonic zum Longdrink veredelt. &nbsp; Die aufstrebende Brennerei Felsenriss verbindet Handwerkstradition mit viel Fachwissen (Destillateur und Getr\u00e4nketechnologe mit Bestnoten) und nutzt vollreife Fr\u00fcchte vom famili\u00e4ren Hof.<\/p>","protected":false},"featured_media":3344,"comment_status":"open","ping_status":"closed","template":"","meta":{"_acf_changed":false},"product_brand":[40],"product_cat":[35],"product_tag":[],"class_list":{"0":"post-3263","1":"product","2":"type-product","3":"status-publish","4":"has-post-thumbnail","6":"product_brand-felsenriss","7":"product_cat-spirituosen","9":"first","10":"instock","11":"taxable","12":"shipping-taxable","13":"purchasable","14":"product-type-simple","15":"add-to-wishlist-before_image"},"acf":[],"_links":{"self":[{"href":"https:\/\/edelalpen.ch\/fr\/wp-json\/wp\/v2\/product\/3263","targetHints":{"allow":["GET"]}}],"collection":[{"href":"https:\/\/edelalpen.ch\/fr\/wp-json\/wp\/v2\/product"}],"about":[{"href":"https:\/\/edelalpen.ch\/fr\/wp-json\/wp\/v2\/types\/product"}],"replies":[{"embeddable":true,"href":"https:\/\/edelalpen.ch\/fr\/wp-json\/wp\/v2\/comments?post=3263"}],"wp:featuredmedia":[{"embeddable":true,"href":"https:\/\/edelalpen.ch\/fr\/wp-json\/wp\/v2\/media\/3344"}],"wp:attachment":[{"href":"https:\/\/edelalpen.ch\/fr\/wp-json\/wp\/v2\/media?parent=3263"}],"wp:term":[{"taxonomy":"product_brand","embeddable":true,"href":"https:\/\/edelalpen.ch\/fr\/wp-json\/wp\/v2\/product_brand?post=3263"},{"taxonomy":"product_cat","embeddable":true,"href":"https:\/\/edelalpen.ch\/fr\/wp-json\/wp\/v2\/product_cat?post=3263"},{"taxonomy":"product_tag","embeddable":true,"href":"https:\/\/edelalpen.ch\/fr\/wp-json\/wp\/v2\/product_tag?post=3263"}],"curies":[{"name":"wp","href":"https:\/\/api.w.org\/{rel}","templated":true}]}}