{"id":3264,"date":"2025-10-17T14:21:04","date_gmt":"2025-10-17T12:21:04","guid":{"rendered":"https:\/\/edelalpen.ch\/?post_type=product&#038;p=3264"},"modified":"2025-10-22T16:33:46","modified_gmt":"2025-10-22T14:33:46","slug":"fissure-de-rocher-heugrappa-40-vol-05-l","status":"publish","type":"product","link":"https:\/\/edelalpen.ch\/fr\/boutique\/spiritueux\/fissure-de-rocher-heugrappa-40-vol-05-l\/","title":{"rendered":"Felsenriss - Heugrappa 40% vol., 0,5 l"},"content":{"rendered":"<p>L'eau-de-vie de foin convient parfaitement \u00e0 la consommation pure - id\u00e9alement l\u00e9g\u00e8rement rafra\u00eechie - ou comme accompagnement aromatique du lard, d'un savoureux fromage de montagne et d'un morceau de Sch\u00fcttelbrot du Tyrol du Sud.<\/p>\n<p>&nbsp;<\/p>\n<p>La distillerie Felsenriss, en plein essor, allie la tradition artisanale \u00e0 une grande expertise (distillateur et technologue en boissons ayant obtenu les meilleures notes) et utilise des fruits bien m\u00fbrs provenant de la ferme familiale.<\/p>","protected":false},"excerpt":{"rendered":"<p>Der Heuschnaps eignet sich hervorragend zum puren Genuss \u2013 idealerweise leicht gek\u00fchlt \u2013 oder als aromatische Begleitung zu Speck, herzhaftem Bergk\u00e4se und einem St\u00fcck S\u00fcdtiroler Sch\u00fcttelbrot. &nbsp; Die aufstrebende Brennerei Felsenriss verbindet Handwerkstradition mit viel Fachwissen (Destillateur und Getr\u00e4nketechnologe mit Bestnoten) und nutzt vollreife Fr\u00fcchte vom famili\u00e4ren Hof.<\/p>","protected":false},"featured_media":3321,"comment_status":"open","ping_status":"closed","template":"","meta":{"_acf_changed":false},"product_brand":[40],"product_cat":[35],"product_tag":[],"class_list":{"0":"post-3264","1":"product","2":"type-product","3":"status-publish","4":"has-post-thumbnail","6":"product_brand-felsenriss","7":"product_cat-spirituosen","9":"first","10":"instock","11":"taxable","12":"shipping-taxable","13":"purchasable","14":"product-type-simple","15":"add-to-wishlist-before_image"},"acf":[],"_links":{"self":[{"href":"https:\/\/edelalpen.ch\/fr\/wp-json\/wp\/v2\/product\/3264","targetHints":{"allow":["GET"]}}],"collection":[{"href":"https:\/\/edelalpen.ch\/fr\/wp-json\/wp\/v2\/product"}],"about":[{"href":"https:\/\/edelalpen.ch\/fr\/wp-json\/wp\/v2\/types\/product"}],"replies":[{"embeddable":true,"href":"https:\/\/edelalpen.ch\/fr\/wp-json\/wp\/v2\/comments?post=3264"}],"wp:featuredmedia":[{"embeddable":true,"href":"https:\/\/edelalpen.ch\/fr\/wp-json\/wp\/v2\/media\/3321"}],"wp:attachment":[{"href":"https:\/\/edelalpen.ch\/fr\/wp-json\/wp\/v2\/media?parent=3264"}],"wp:term":[{"taxonomy":"product_brand","embeddable":true,"href":"https:\/\/edelalpen.ch\/fr\/wp-json\/wp\/v2\/product_brand?post=3264"},{"taxonomy":"product_cat","embeddable":true,"href":"https:\/\/edelalpen.ch\/fr\/wp-json\/wp\/v2\/product_cat?post=3264"},{"taxonomy":"product_tag","embeddable":true,"href":"https:\/\/edelalpen.ch\/fr\/wp-json\/wp\/v2\/product_tag?post=3264"}],"curies":[{"name":"wp","href":"https:\/\/api.w.org\/{rel}","templated":true}]}}