{"id":3268,"date":"2025-10-17T14:21:04","date_gmt":"2025-10-17T12:21:04","guid":{"rendered":"https:\/\/edelalpen.ch\/?post_type=product&#038;p=3268"},"modified":"2025-10-22T17:37:08","modified_gmt":"2025-10-22T15:37:08","slug":"__trashed","status":"publish","type":"product","link":"https:\/\/edelalpen.ch\/fr\/boutique\/spiritueux\/__trashed\/","title":{"rendered":"Felsenriss - Eau-de-vie de mirabelle 42% vol, 0,35 l"},"content":{"rendered":"<p>Les mirabelles sont des fruits \u00e9troitement apparent\u00e9s aux prunes et aux pruneaux. Leurs petits fruits jaunes dor\u00e9s se caract\u00e9risent par un ar\u00f4me intense et sucr\u00e9 que l'on ne trouve que rarement sous cette forme.<\/p>\n<p>&nbsp;<\/p>\n<p>L'eau-de-vie de mirabelle est intense et fruit\u00e9e avec un caract\u00e8re fin et typique de la vari\u00e9t\u00e9 - id\u00e9ale pour \u00eatre d\u00e9gust\u00e9e pure ou pour accompagner des desserts l\u00e9gers.<\/p>\n<p>&nbsp;<\/p>\n<p>La distillerie Felsenriss, en plein essor, allie la tradition artisanale \u00e0 une grande expertise (distillateur et technologue en boissons ayant obtenu les meilleures notes) et utilise des fruits bien m\u00fbrs provenant de la ferme familiale.<\/p>","protected":false},"excerpt":{"rendered":"<p>Mirabellen sind Fr\u00fcchte, welche eng mit Pflaumen und Zwetschgen verwandt sind. Ihre kleinen goldgelben Fr\u00fcchte zeichnen sich durch ein intensives, s\u00fc\u00dfes Aroma aus, das in dieser Form nur selten zu finden ist. &nbsp; Der Mirabellenbrand ist intensiv und fruchtig mit feinem, sortentypischem Charakter \u2013 ideal zum pur geniessen oder als Begleiter zu leichten Desserts. &nbsp; [&hellip;]<\/p>\n","protected":false},"featured_media":3325,"comment_status":"open","ping_status":"closed","template":"","meta":{"_acf_changed":false},"product_brand":[40],"product_cat":[35],"product_tag":[],"class_list":{"0":"post-3268","1":"product","2":"type-product","3":"status-publish","4":"has-post-thumbnail","6":"product_brand-felsenriss","7":"product_cat-spirituosen","9":"first","10":"instock","11":"taxable","12":"shipping-taxable","13":"purchasable","14":"product-type-simple","15":"add-to-wishlist-before_image"},"acf":[],"_links":{"self":[{"href":"https:\/\/edelalpen.ch\/fr\/wp-json\/wp\/v2\/product\/3268","targetHints":{"allow":["GET"]}}],"collection":[{"href":"https:\/\/edelalpen.ch\/fr\/wp-json\/wp\/v2\/product"}],"about":[{"href":"https:\/\/edelalpen.ch\/fr\/wp-json\/wp\/v2\/types\/product"}],"replies":[{"embeddable":true,"href":"https:\/\/edelalpen.ch\/fr\/wp-json\/wp\/v2\/comments?post=3268"}],"wp:featuredmedia":[{"embeddable":true,"href":"https:\/\/edelalpen.ch\/fr\/wp-json\/wp\/v2\/media\/3325"}],"wp:attachment":[{"href":"https:\/\/edelalpen.ch\/fr\/wp-json\/wp\/v2\/media?parent=3268"}],"wp:term":[{"taxonomy":"product_brand","embeddable":true,"href":"https:\/\/edelalpen.ch\/fr\/wp-json\/wp\/v2\/product_brand?post=3268"},{"taxonomy":"product_cat","embeddable":true,"href":"https:\/\/edelalpen.ch\/fr\/wp-json\/wp\/v2\/product_cat?post=3268"},{"taxonomy":"product_tag","embeddable":true,"href":"https:\/\/edelalpen.ch\/fr\/wp-json\/wp\/v2\/product_tag?post=3268"}],"curies":[{"name":"wp","href":"https:\/\/api.w.org\/{rel}","templated":true}]}}