{"id":3269,"date":"2025-10-17T14:21:04","date_gmt":"2025-10-17T12:21:04","guid":{"rendered":"https:\/\/edelalpen.ch\/?post_type=product&#038;p=3269"},"modified":"2025-10-22T16:41:41","modified_gmt":"2025-10-22T14:41:41","slug":"felsenriss-eau-de-vie-dabricot-42-vol-035-l","status":"publish","type":"product","link":"https:\/\/edelalpen.ch\/fr\/boutique\/spiritueux\/felsenriss-eau-de-vie-dabricot-42-vol-035-l\/","title":{"rendered":"Felsenriss - Eau-de-vie d'abricot 42% vol., 0,35 l"},"content":{"rendered":"<p>Seuls des \u201eabricots de Vinschg\u201c bien m\u00fbrs sont utilis\u00e9s pour cette eau-de-vie de qualit\u00e9 sup\u00e9rieure. En raison de leur noyau relativement gros et de la proportion plus \u00e9lev\u00e9e d'\u00e9corce par rapport \u00e0 la pulpe, ces fruits d\u00e9veloppent un profil de go\u00fbt nettement plus intense.<\/p>\n<p>&nbsp;<\/p>\n<p>Le r\u00e9sultat est une eau-de-vie d'abricot particuli\u00e8rement fruit\u00e9e avec un ar\u00f4me typiquement m\u00fbr - de l'abricot frais aux notes de marmelade d'abricot. \u00c0 d\u00e9guster de pr\u00e9f\u00e9rence pur ou en accompagnement de desserts fins et pas trop sucr\u00e9s.<\/p>\n<p>&nbsp;<\/p>\n<p>La distillerie Felsenriss, en plein essor, allie la tradition artisanale \u00e0 une grande expertise (distillateur et technologue en boissons ayant obtenu les meilleures notes) et utilise des fruits bien m\u00fbrs provenant de la ferme familiale.<\/p>","protected":false},"excerpt":{"rendered":"<p>F\u00fcr diesen hochwertigen Edelbrand werden ausschliesslich vollreife \u201eVinschger Marillen\u201c verwendet. Durch den relativ gro\u00dfen Stein und den h\u00f6heren Schalenanteil im Verh\u00e4ltnis zum Fruchtfleisch entwickeln diese Fr\u00fcchte ein deutlich intensiveres Geschmacksprofil. &nbsp; Das Ergebnis ist ein besonders fruchtbetonter Marillenbrand mit typisch reifer Aromatik \u2013 von frischer Aprikose bis hin zu Ankl\u00e4ngen von Marillenmarmelade. Am besten pur [&hellip;]<\/p>\n","protected":false},"featured_media":3352,"comment_status":"open","ping_status":"closed","template":"","meta":{"_acf_changed":false},"product_brand":[40],"product_cat":[35],"product_tag":[],"class_list":{"0":"post-3269","1":"product","2":"type-product","3":"status-publish","4":"has-post-thumbnail","6":"product_brand-felsenriss","7":"product_cat-spirituosen","9":"first","10":"instock","11":"taxable","12":"shipping-taxable","13":"purchasable","14":"product-type-simple","15":"add-to-wishlist-before_image"},"acf":[],"_links":{"self":[{"href":"https:\/\/edelalpen.ch\/fr\/wp-json\/wp\/v2\/product\/3269","targetHints":{"allow":["GET"]}}],"collection":[{"href":"https:\/\/edelalpen.ch\/fr\/wp-json\/wp\/v2\/product"}],"about":[{"href":"https:\/\/edelalpen.ch\/fr\/wp-json\/wp\/v2\/types\/product"}],"replies":[{"embeddable":true,"href":"https:\/\/edelalpen.ch\/fr\/wp-json\/wp\/v2\/comments?post=3269"}],"wp:featuredmedia":[{"embeddable":true,"href":"https:\/\/edelalpen.ch\/fr\/wp-json\/wp\/v2\/media\/3352"}],"wp:attachment":[{"href":"https:\/\/edelalpen.ch\/fr\/wp-json\/wp\/v2\/media?parent=3269"}],"wp:term":[{"taxonomy":"product_brand","embeddable":true,"href":"https:\/\/edelalpen.ch\/fr\/wp-json\/wp\/v2\/product_brand?post=3269"},{"taxonomy":"product_cat","embeddable":true,"href":"https:\/\/edelalpen.ch\/fr\/wp-json\/wp\/v2\/product_cat?post=3269"},{"taxonomy":"product_tag","embeddable":true,"href":"https:\/\/edelalpen.ch\/fr\/wp-json\/wp\/v2\/product_tag?post=3269"}],"curies":[{"name":"wp","href":"https:\/\/api.w.org\/{rel}","templated":true}]}}