{"id":3274,"date":"2025-10-17T14:21:04","date_gmt":"2025-10-17T12:21:04","guid":{"rendered":"https:\/\/edelalpen.ch\/?post_type=product&#038;p=3274"},"modified":"2025-10-19T12:10:47","modified_gmt":"2025-10-19T10:10:47","slug":"felsenriss-liqueur-de-cerises-acides-21-vol-05-l","status":"publish","type":"product","link":"https:\/\/edelalpen.ch\/fr\/boutique\/spiritueux\/felsenriss-liqueur-de-cerises-acides-21-vol-05-l\/","title":{"rendered":"Felsenriss - Liqueur de griotte 21% vol., 0,5 l"},"content":{"rendered":"<p>La liqueur de griotte Felsenriss peut \u00eatre consomm\u00e9e pure en dessert, vers\u00e9e sur une d\u00e9licieuse glace \u00e0 la vanille ou utilis\u00e9e en hiver pour compl\u00e9ter le vin chaud.<\/p>\n<p>&nbsp;<\/p>\n<p>La distillerie Felsenriss, en plein essor, allie la tradition artisanale \u00e0 une grande expertise (distillateur et technologue en boissons ayant obtenu les meilleures notes).<\/p>","protected":false},"excerpt":{"rendered":"<p>Der Felsenriss Sauerkirschlik\u00f6r kann pur als Dessert, \u00fcber ein k\u00f6stliches Vanilleeis gegossen oder im Winter zur Erg\u00e4nzung von Gl\u00fchwein eingesetzt werden. &nbsp; Die aufstrebende Brennerei Felsenriss verbindet Handwerkstradition mit viel Fachwissen (Destillateur und Getr\u00e4nketechnologe mit Bestnoten).<\/p>","protected":false},"featured_media":3308,"comment_status":"open","ping_status":"closed","template":"","meta":{"_acf_changed":false},"product_brand":[40],"product_cat":[35],"product_tag":[],"class_list":{"0":"post-3274","1":"product","2":"type-product","3":"status-publish","4":"has-post-thumbnail","6":"product_brand-felsenriss","7":"product_cat-spirituosen","9":"first","10":"instock","11":"taxable","12":"shipping-taxable","13":"purchasable","14":"product-type-simple","15":"add-to-wishlist-before_image"},"acf":[],"_links":{"self":[{"href":"https:\/\/edelalpen.ch\/fr\/wp-json\/wp\/v2\/product\/3274","targetHints":{"allow":["GET"]}}],"collection":[{"href":"https:\/\/edelalpen.ch\/fr\/wp-json\/wp\/v2\/product"}],"about":[{"href":"https:\/\/edelalpen.ch\/fr\/wp-json\/wp\/v2\/types\/product"}],"replies":[{"embeddable":true,"href":"https:\/\/edelalpen.ch\/fr\/wp-json\/wp\/v2\/comments?post=3274"}],"wp:featuredmedia":[{"embeddable":true,"href":"https:\/\/edelalpen.ch\/fr\/wp-json\/wp\/v2\/media\/3308"}],"wp:attachment":[{"href":"https:\/\/edelalpen.ch\/fr\/wp-json\/wp\/v2\/media?parent=3274"}],"wp:term":[{"taxonomy":"product_brand","embeddable":true,"href":"https:\/\/edelalpen.ch\/fr\/wp-json\/wp\/v2\/product_brand?post=3274"},{"taxonomy":"product_cat","embeddable":true,"href":"https:\/\/edelalpen.ch\/fr\/wp-json\/wp\/v2\/product_cat?post=3274"},{"taxonomy":"product_tag","embeddable":true,"href":"https:\/\/edelalpen.ch\/fr\/wp-json\/wp\/v2\/product_tag?post=3274"}],"curies":[{"name":"wp","href":"https:\/\/api.w.org\/{rel}","templated":true}]}}