{"id":3276,"date":"2025-10-17T14:21:03","date_gmt":"2025-10-17T12:21:03","guid":{"rendered":"https:\/\/edelalpen.ch\/?post_type=product&#038;p=3276"},"modified":"2025-10-19T13:43:17","modified_gmt":"2025-10-19T11:43:17","slug":"felsenriss-kaffeelikoer-30-vol-05-l","status":"publish","type":"product","link":"https:\/\/edelalpen.ch\/fr\/boutique\/spiritueux\/felsenriss-kaffeelikoer-30-vol-05-l\/","title":{"rendered":"Felsenriss - Liqueur de caf\u00e9 30% vol., 0,5 l"},"content":{"rendered":"<p>Cette liqueur de caf\u00e9 est une liqueur de caract\u00e8re pour les vrais amateurs de caf\u00e9. Contrairement \u00e0 de nombreux proc\u00e9d\u00e9s industriels, le caf\u00e9 n'est pas distill\u00e9 dans ce produit, mais extrait de mani\u00e8re complexe. Cela permet de conserver non seulement l'ar\u00f4me, mais aussi les tanins caract\u00e9ristiques, les acides du caf\u00e9 et la caf\u00e9ine. Le r\u00e9sultat est une exp\u00e9rience de caf\u00e9 authentique et intense - sans ajout de colorants ou d'ar\u00f4mes.<\/p>\n<p>&nbsp;<\/p>\n<p>Que ce soit en digestif dans une ambiance conviviale, en topping raffin\u00e9 sur une glace \u00e0 la vanille comme affogato ou comme alternative \u00e0 l'espresso, cette liqueur de caf\u00e9 allie artisanat, qualit\u00e9 et go\u00fbt de mani\u00e8re unique.<\/p>\n<p>&nbsp;<\/p>\n<p>La distillerie Felsenriss, en plein essor, allie la tradition artisanale \u00e0 une grande expertise (distillateur et technologue en boissons ayant obtenu les meilleures notes).<\/p>","protected":false},"excerpt":{"rendered":"<p>Dieser Kaffeelik\u00f6r ist ein charaktervoller Lik\u00f6r f\u00fcr wahre Kaffeeliebhaber. Im Gegensatz zu vielen industriellen Verfahren wird der Kaffee bei diesem Produkt nicht destilliert, sondern aufw\u00e4ndig extrahiert. Dadurch bleiben nicht nur das Aroma, sondern auch die charakteristischen Gerbstoffe, Kaffees\u00e4uren und das Koffein erhalten. Das Ergebnis ist ein unverf\u00e4lschtes, intensives Kaffeeerlebnis \u2013 ganz ohne Zusatz von Farbstoffen [&hellip;]<\/p>\n","protected":false},"featured_media":3320,"comment_status":"open","ping_status":"closed","template":"","meta":{"_acf_changed":false},"product_brand":[40],"product_cat":[35],"product_tag":[],"class_list":{"0":"post-3276","1":"product","2":"type-product","3":"status-publish","4":"has-post-thumbnail","6":"product_brand-felsenriss","7":"product_cat-spirituosen","9":"first","10":"instock","11":"taxable","12":"shipping-taxable","13":"purchasable","14":"product-type-simple","15":"add-to-wishlist-before_image"},"acf":[],"_links":{"self":[{"href":"https:\/\/edelalpen.ch\/fr\/wp-json\/wp\/v2\/product\/3276","targetHints":{"allow":["GET"]}}],"collection":[{"href":"https:\/\/edelalpen.ch\/fr\/wp-json\/wp\/v2\/product"}],"about":[{"href":"https:\/\/edelalpen.ch\/fr\/wp-json\/wp\/v2\/types\/product"}],"replies":[{"embeddable":true,"href":"https:\/\/edelalpen.ch\/fr\/wp-json\/wp\/v2\/comments?post=3276"}],"wp:featuredmedia":[{"embeddable":true,"href":"https:\/\/edelalpen.ch\/fr\/wp-json\/wp\/v2\/media\/3320"}],"wp:attachment":[{"href":"https:\/\/edelalpen.ch\/fr\/wp-json\/wp\/v2\/media?parent=3276"}],"wp:term":[{"taxonomy":"product_brand","embeddable":true,"href":"https:\/\/edelalpen.ch\/fr\/wp-json\/wp\/v2\/product_brand?post=3276"},{"taxonomy":"product_cat","embeddable":true,"href":"https:\/\/edelalpen.ch\/fr\/wp-json\/wp\/v2\/product_cat?post=3276"},{"taxonomy":"product_tag","embeddable":true,"href":"https:\/\/edelalpen.ch\/fr\/wp-json\/wp\/v2\/product_tag?post=3276"}],"curies":[{"name":"wp","href":"https:\/\/api.w.org\/{rel}","templated":true}]}}