{"id":3278,"date":"2025-10-17T14:21:03","date_gmt":"2025-10-17T12:21:03","guid":{"rendered":"https:\/\/edelalpen.ch\/?post_type=product&#038;p=3278"},"modified":"2025-10-22T17:40:39","modified_gmt":"2025-10-22T15:40:39","slug":"felsenriss-eau-de-vie-de-gentiane-36-vol-05-l","status":"publish","type":"product","link":"https:\/\/edelalpen.ch\/fr\/boutique\/spiritueux\/felsenriss-eau-de-vie-de-gentiane-36-vol-05-l\/","title":{"rendered":"Felsenriss - Eau-de-vie de gentiane 36% vol., 0,5 l"},"content":{"rendered":"<p>Les racines de gentiane utilis\u00e9es proviennent d'Autriche o\u00f9 elles sont r\u00e9colt\u00e9es avec pr\u00e9caution par des paysans de montagne disposant de droits de s\u00e9pulture.<\/p>\n<p>&nbsp;<\/p>\n<p>Cette eau-de-vie de gentiane est naturelle et non sucr\u00e9e. Une eau-de-vie honn\u00eate - \u00e2pre, claire et de caract\u00e8re. Id\u00e9ale apr\u00e8s un repas copieux ou pour accompagner de mani\u00e8re marquante des plats copieux.<\/p>\n<p>&nbsp;<\/p>\n<p>La distillerie Felsenriss, en plein essor, allie la tradition artisanale \u00e0 une grande expertise (distillateur et technologue en boissons ayant obtenu les meilleures notes).<\/p>","protected":false},"excerpt":{"rendered":"<p>Die verwendeten Enzianwurzeln stammen aus \u00d6sterreich und werden dort von Bergbauern mit Grabrechten schonend geerntet. &nbsp; Dieser Enzianschnaps ist naturbelassen und unges\u00fcsst. Ein ehrlicher Schnaps \u2013 herb, klar und charakterstark. Ideal nach einem ausgiebigen Essen oder als markanter Begleiter zu herzhaften Speisen. &nbsp; Die aufstrebende Brennerei Felsenriss verbindet Handwerkstradition mit viel Fachwissen (Destillateur und Getr\u00e4nketechnologe [&hellip;]<\/p>\n","protected":false},"featured_media":3355,"comment_status":"open","ping_status":"closed","template":"","meta":{"_acf_changed":false},"product_brand":[40],"product_cat":[35],"product_tag":[],"class_list":{"0":"post-3278","1":"product","2":"type-product","3":"status-publish","4":"has-post-thumbnail","6":"product_brand-felsenriss","7":"product_cat-spirituosen","9":"first","10":"instock","11":"taxable","12":"shipping-taxable","13":"purchasable","14":"product-type-simple","15":"add-to-wishlist-before_image"},"acf":[],"_links":{"self":[{"href":"https:\/\/edelalpen.ch\/fr\/wp-json\/wp\/v2\/product\/3278","targetHints":{"allow":["GET"]}}],"collection":[{"href":"https:\/\/edelalpen.ch\/fr\/wp-json\/wp\/v2\/product"}],"about":[{"href":"https:\/\/edelalpen.ch\/fr\/wp-json\/wp\/v2\/types\/product"}],"replies":[{"embeddable":true,"href":"https:\/\/edelalpen.ch\/fr\/wp-json\/wp\/v2\/comments?post=3278"}],"wp:featuredmedia":[{"embeddable":true,"href":"https:\/\/edelalpen.ch\/fr\/wp-json\/wp\/v2\/media\/3355"}],"wp:attachment":[{"href":"https:\/\/edelalpen.ch\/fr\/wp-json\/wp\/v2\/media?parent=3278"}],"wp:term":[{"taxonomy":"product_brand","embeddable":true,"href":"https:\/\/edelalpen.ch\/fr\/wp-json\/wp\/v2\/product_brand?post=3278"},{"taxonomy":"product_cat","embeddable":true,"href":"https:\/\/edelalpen.ch\/fr\/wp-json\/wp\/v2\/product_cat?post=3278"},{"taxonomy":"product_tag","embeddable":true,"href":"https:\/\/edelalpen.ch\/fr\/wp-json\/wp\/v2\/product_tag?post=3278"}],"curies":[{"name":"wp","href":"https:\/\/api.w.org\/{rel}","templated":true}]}}