{"id":3292,"date":"2025-10-17T14:21:02","date_gmt":"2025-10-17T12:21:02","guid":{"rendered":"https:\/\/edelalpen.ch\/?post_type=product&#038;p=3292"},"modified":"2025-11-16T12:30:46","modified_gmt":"2025-11-16T11:30:46","slug":"st-urban-esprit-de-mandarine-41-vol-05-l","status":"publish","type":"product","link":"https:\/\/edelalpen.ch\/fr\/boutique\/spiritueux\/st-urban-esprit-de-mandarine-41-vol-05-l\/","title":{"rendered":"St. Urban - Esprit de mandarine 41% vol., 0,5 l"},"content":{"rendered":"<p>Un jeu d'ar\u00f4mes d\u00e9licat mais d'une grande finesse avec une agr\u00e9able et claire persistance en bouche vous attend avec cet esprit.<\/p>\n<p>Dans la distillerie familiale St. Urban, le partage des t\u00e2ches entre le p\u00e8re (ma\u00eetre distillateur et sensoriel) et le fils est, depuis 2008, une interaction parfaite entre une longue exp\u00e9rience et la cr\u00e9ativit\u00e9 de la jeunesse. Pour les eaux-de-vie, seuls des fruits parfaitement m\u00fbrs et non ab\u00eem\u00e9s provenant de la propre culture sont utilis\u00e9s. Tous les distillats sont de purs morceaux de c\u0153ur de la nature.<\/p>","protected":false},"excerpt":{"rendered":"<p>Ein zartes, aber allerfeinstes Aromaspiel mit angenehmem und klarem Nachhall im Abgang erwartet Sie bei diesem Geist. Bei der familiengef\u00fchrten Brennerei St. Urban ist seit 2008 die Arbeitsteilung zwischen Vater (Brennmeister und Sensoriker) und Sohn ein perfektes Zusammenspiel von langj\u00e4hriger Erfahrung und jugendlicher Kreativit\u00e4t. F\u00fcr die Edelbr\u00e4nde werden nur vollreifes und unbesch\u00e4digtes Obst aus eigenem [&hellip;]<\/p>\n","protected":false},"featured_media":3376,"comment_status":"open","ping_status":"closed","template":"","meta":{"_acf_changed":false},"product_brand":[41],"product_cat":[35],"product_tag":[],"class_list":{"0":"post-3292","1":"product","2":"type-product","3":"status-publish","4":"has-post-thumbnail","6":"product_brand-st-urban","7":"product_cat-spirituosen","9":"first","10":"instock","11":"taxable","12":"shipping-taxable","13":"purchasable","14":"product-type-simple","15":"add-to-wishlist-before_image"},"acf":[],"_links":{"self":[{"href":"https:\/\/edelalpen.ch\/fr\/wp-json\/wp\/v2\/product\/3292","targetHints":{"allow":["GET"]}}],"collection":[{"href":"https:\/\/edelalpen.ch\/fr\/wp-json\/wp\/v2\/product"}],"about":[{"href":"https:\/\/edelalpen.ch\/fr\/wp-json\/wp\/v2\/types\/product"}],"replies":[{"embeddable":true,"href":"https:\/\/edelalpen.ch\/fr\/wp-json\/wp\/v2\/comments?post=3292"}],"wp:featuredmedia":[{"embeddable":true,"href":"https:\/\/edelalpen.ch\/fr\/wp-json\/wp\/v2\/media\/3376"}],"wp:attachment":[{"href":"https:\/\/edelalpen.ch\/fr\/wp-json\/wp\/v2\/media?parent=3292"}],"wp:term":[{"taxonomy":"product_brand","embeddable":true,"href":"https:\/\/edelalpen.ch\/fr\/wp-json\/wp\/v2\/product_brand?post=3292"},{"taxonomy":"product_cat","embeddable":true,"href":"https:\/\/edelalpen.ch\/fr\/wp-json\/wp\/v2\/product_cat?post=3292"},{"taxonomy":"product_tag","embeddable":true,"href":"https:\/\/edelalpen.ch\/fr\/wp-json\/wp\/v2\/product_tag?post=3292"}],"curies":[{"name":"wp","href":"https:\/\/api.w.org\/{rel}","templated":true}]}}