{"id":3297,"date":"2025-10-17T14:21:02","date_gmt":"2025-10-17T12:21:02","guid":{"rendered":"https:\/\/edelalpen.ch\/?post_type=product&#038;p=3297"},"modified":"2025-10-20T13:01:05","modified_gmt":"2025-10-20T11:01:05","slug":"alps-coffee-bio-deca-capsules-decafeinees-compatibles-nespresso-10-x-51-g","status":"publish","type":"product","link":"https:\/\/edelalpen.ch\/fr\/boutique\/cafe\/alps-coffee-bio-deca-capsules-decafeinees-compatibles-nespresso-10-x-51-g\/","title":{"rendered":"Alps Coffee - Bio Deca (d\u00e9caf\u00e9in\u00e9), capsules compatibles Nespresso, 10 x 5,1 g"},"content":{"rendered":"<p>Cet espresso d\u00e9caf\u00e9in\u00e9 issu de l'agriculture biologique et du commerce \u00e9quitable s\u00e9duit par son go\u00fbt plein et est particuli\u00e8rement doux et extr\u00eamement savoureux et aromatique. Lors de la d\u00e9caf\u00e9ination, le caf\u00e9 est d\u00e9caf\u00e9in\u00e9 biologiquement et en douceur \u00e0 l'\u00e9tat brut par un proc\u00e9d\u00e9 au CO2. Compatible avec Nespresso\u00ae (marque d'un fournisseur tiers). Les capsules pratiques garantissent une exp\u00e9rience gustative incomparable et assurent un pur plaisir du palais.<\/p>\n<p>&nbsp;<\/p>\n<p>La pr\u00e9paration dans la machine \u00e0 capsules est rapide et facile. Le caf\u00e9 est conditionn\u00e9 sous atmosph\u00e8re protectrice dans des capsules en aluminium portionn\u00e9es, ce qui garantit une qualit\u00e9 constante dans chaque tasse. Le d\u00e9bit optimal est de 25-35 ml pour un espresso et d'environ 110 ml pour un caf\u00e9 cr\u00e8me.<\/p>\n<p>&nbsp;<\/p>\n<p>Des caf\u00e9s verts s\u00e9lectionn\u00e9s du monde entier sont affin\u00e9s au c\u0153ur des Alpes pour donner des compositions aromatiques des plus raffin\u00e9es. Le torr\u00e9facteur Alps Coffee allie la passion m\u00e9diterran\u00e9enne \u00e0 la qualit\u00e9 alpine. Depuis toujours, l'entreprise familiale vit l'art de la torr\u00e9faction traditionnelle de longue dur\u00e9e et se consacre chaque jour avec d\u00e9vouement \u00e0 l'affinage de grains de premi\u00e8re qualit\u00e9. Le plus grand plaisir du caf\u00e9 du Tyrol du Sud, depuis 1890.<\/p>","protected":false},"excerpt":{"rendered":"<p>Dieser entkoffeinierte Espresso aus biologischem Anbau und fairem Handel besticht mit vollem Geschmack und ist besonders mild und \u00e4usserst genussvoll und aromatisch. Beim Entkoffeinieren wird der Kaffee im Rohzustand durch das CO2-Verfahren schonend und biologisch entkoffeiniert.\u00a0Nespresso\u00ae-kompatibel (Marke eines Drittanbieters). Die praktischen Kapseln garantieren ein unvergleichliches Geschmackserlebnis und sorgen f\u00fcr pure Gaumenfreude. &nbsp; Die Zubereitung in [&hellip;]<\/p>\n","protected":false},"featured_media":3382,"comment_status":"open","ping_status":"closed","template":"","meta":{"_acf_changed":false},"product_brand":[95],"product_cat":[94],"product_tag":[],"class_list":{"0":"post-3297","1":"product","2":"type-product","3":"status-publish","4":"has-post-thumbnail","6":"product_brand-alps-coffee","7":"product_cat-kaffee","9":"first","10":"instock","11":"taxable","12":"shipping-taxable","13":"purchasable","14":"product-type-simple","15":"add-to-wishlist-before_image"},"acf":[],"_links":{"self":[{"href":"https:\/\/edelalpen.ch\/fr\/wp-json\/wp\/v2\/product\/3297","targetHints":{"allow":["GET"]}}],"collection":[{"href":"https:\/\/edelalpen.ch\/fr\/wp-json\/wp\/v2\/product"}],"about":[{"href":"https:\/\/edelalpen.ch\/fr\/wp-json\/wp\/v2\/types\/product"}],"replies":[{"embeddable":true,"href":"https:\/\/edelalpen.ch\/fr\/wp-json\/wp\/v2\/comments?post=3297"}],"wp:featuredmedia":[{"embeddable":true,"href":"https:\/\/edelalpen.ch\/fr\/wp-json\/wp\/v2\/media\/3382"}],"wp:attachment":[{"href":"https:\/\/edelalpen.ch\/fr\/wp-json\/wp\/v2\/media?parent=3297"}],"wp:term":[{"taxonomy":"product_brand","embeddable":true,"href":"https:\/\/edelalpen.ch\/fr\/wp-json\/wp\/v2\/product_brand?post=3297"},{"taxonomy":"product_cat","embeddable":true,"href":"https:\/\/edelalpen.ch\/fr\/wp-json\/wp\/v2\/product_cat?post=3297"},{"taxonomy":"product_tag","embeddable":true,"href":"https:\/\/edelalpen.ch\/fr\/wp-json\/wp\/v2\/product_tag?post=3297"}],"curies":[{"name":"wp","href":"https:\/\/api.w.org\/{rel}","templated":true}]}}