{"id":3413,"date":"2025-11-01T15:32:39","date_gmt":"2025-11-01T14:32:39","guid":{"rendered":"https:\/\/edelalpen.ch\/?post_type=product&#038;p=3413"},"modified":"2025-11-02T09:19:38","modified_gmt":"2025-11-02T08:19:38","slug":"edelschwarz-gin-47-vol-05-l","status":"publish","type":"product","link":"https:\/\/edelalpen.ch\/fr\/boutique\/spiritueux\/edelschwarz-gin-47-vol-05-l\/","title":{"rendered":"Edelschwarz Alpine Bio Spirits London Dry Gin \/ Premium 47 % vol, 0,5 l"},"content":{"rendered":"<ul>\n<li>17 botaniques alpines bio s\u00e9lectionn\u00e9es<\/li>\n<li>L'eau de source de montagne la plus pure de l'alpage de Gompm<\/li>\n<li>Fabriqu\u00e9 de mani\u00e8re artisanale<\/li>\n<\/ul>\n<p>L\u00e0 o\u00f9 des ar\u00f4mes puissants s'unissent avec m\u00e9nagement et sauvagerie, na\u00eet un London Dry Gin incomparable en provenance des Alpes.<\/p>\n<p>17 botaniques alpins bio tels que l'edelweiss, les baies noires, le geni\u00e8vre, le foin de montagne, l'airelle rouge, le cynorrhodon, la m\u00e9lisse citronn\u00e9e, les baies de sureau et les aiguilles d'\u00e9pic\u00e9a sont r\u00e9unis dans une bulle de cuivre de 300 litres au cours d'une distillation complexe. Apr\u00e8s un mois de repos bien m\u00e9rit\u00e9 dans l'acier inoxydable, ils s'unissent \u00e0 l'eau de source de montagne la plus pure pour donner naissance \u00e0 un gin puissant et plein de temp\u00e9rament.<\/p>\n<p>&nbsp;<\/p>","protected":false},"excerpt":{"rendered":"<p>17 ausgew\u00e4hlte alpine Bio-Botanicals Reinstes Bergquellwasser der Gompm Alm Handwerklich hergestellt Wo sich kraftvolle Aromen schonend und wild vereinen, entsteht ein unverwechselbarer London Dry Gin aus den Alpen. 17 alpine Bio-Botanicals wie Edelweiss, Schwarzbeere, Wacholder, Bergheu, Preiselbeere, Hagebutte, Zitronenmelisse, Holunderbeere und Fichtennadeln finden in aufwendiger Destillation in einer 300 Liter Kupferblase zusammen. Nach einem Monat [&hellip;]<\/p>\n","protected":false},"featured_media":3414,"comment_status":"open","ping_status":"closed","template":"","meta":{"_acf_changed":false},"product_brand":[97],"product_cat":[35],"product_tag":[],"class_list":{"0":"post-3413","1":"product","2":"type-product","3":"status-publish","4":"has-post-thumbnail","6":"product_brand-edelschwarz","7":"product_cat-spirituosen","9":"first","10":"instock","11":"taxable","12":"shipping-taxable","13":"purchasable","14":"product-type-simple","15":"add-to-wishlist-before_image"},"acf":[],"_links":{"self":[{"href":"https:\/\/edelalpen.ch\/fr\/wp-json\/wp\/v2\/product\/3413","targetHints":{"allow":["GET"]}}],"collection":[{"href":"https:\/\/edelalpen.ch\/fr\/wp-json\/wp\/v2\/product"}],"about":[{"href":"https:\/\/edelalpen.ch\/fr\/wp-json\/wp\/v2\/types\/product"}],"replies":[{"embeddable":true,"href":"https:\/\/edelalpen.ch\/fr\/wp-json\/wp\/v2\/comments?post=3413"}],"wp:featuredmedia":[{"embeddable":true,"href":"https:\/\/edelalpen.ch\/fr\/wp-json\/wp\/v2\/media\/3414"}],"wp:attachment":[{"href":"https:\/\/edelalpen.ch\/fr\/wp-json\/wp\/v2\/media?parent=3413"}],"wp:term":[{"taxonomy":"product_brand","embeddable":true,"href":"https:\/\/edelalpen.ch\/fr\/wp-json\/wp\/v2\/product_brand?post=3413"},{"taxonomy":"product_cat","embeddable":true,"href":"https:\/\/edelalpen.ch\/fr\/wp-json\/wp\/v2\/product_cat?post=3413"},{"taxonomy":"product_tag","embeddable":true,"href":"https:\/\/edelalpen.ch\/fr\/wp-json\/wp\/v2\/product_tag?post=3413"}],"curies":[{"name":"wp","href":"https:\/\/api.w.org\/{rel}","templated":true}]}}