{"id":3421,"date":"2025-11-01T17:11:24","date_gmt":"2025-11-01T16:11:24","guid":{"rendered":"https:\/\/edelalpen.ch\/?post_type=product&#038;p=3421"},"modified":"2025-11-02T09:51:28","modified_gmt":"2025-11-02T08:51:28","slug":"edelschwarz-alpine-bio-u-ro-vodka-bio-premium-40-vol-07-l","status":"publish","type":"product","link":"https:\/\/edelalpen.ch\/fr\/boutique\/spiritueux\/edelschwarz-alpine-bio-u-ro-vodka-bio-premium-40-vol-07-l\/","title":{"rendered":"Edelschwarz Alpine Bio U.RO Vodka bio \/ Premium 40 % vol, 0,7 l"},"content":{"rendered":"<ul>\n<li>Premi\u00e8re vodka premium du Tyrol du Sud<\/li>\n<li>Seigle originel du Tyrol du Sud et bl\u00e9 bio<\/li>\n<li>L'eau de source de montagne la plus pure de l'alpage de Gompm<\/li>\n<\/ul>\n<p>Aussi purs et clairs que les lacs de montagne. Aussi carr\u00e9s et forts de caract\u00e8re que les habitants du Tyrol du Sud.<\/p>\n<p>Le seigle originel cultiv\u00e9 biologiquement dans le Tyrol du Sud fusionne avec du bl\u00e9 bio s\u00e9lectionn\u00e9, peut \u00eatre distill\u00e9 plusieurs fois et filtr\u00e9 sur du charbon actif. Associ\u00e9e \u00e0 l'eau de source de montagne la plus pure de l'alpage de Gompm, cette vodka atteint un \u00e9quilibre optimal entre puret\u00e9 et ar\u00f4me.<\/p>","protected":false},"excerpt":{"rendered":"<p>Erster Premium Vodka S\u00fcdtirols S\u00fcdtiroler Ur-Roggen und Bio-Weizen Reinstes Bergquellwasser der Gompm Alm So rein und klar wie die Gebirgsseen. So kantig und charakterstark wie die S\u00fcdtiroler. Biologisch angebauter Ur-Roggen aus S\u00fcdtirol verschmilzt mit ausgew\u00e4hltem Bio-Weizen, darf mehrmals destillieren und \u00fcber Aktivkohle filtern. Zusammen mit reinstem Bergquellwasser von der Gompm Alm erreicht dieser Vodka die [&hellip;]<\/p>\n","protected":false},"featured_media":3424,"comment_status":"open","ping_status":"closed","template":"","meta":{"_acf_changed":false},"product_brand":[97],"product_cat":[35],"product_tag":[],"class_list":{"0":"post-3421","1":"product","2":"type-product","3":"status-publish","4":"has-post-thumbnail","6":"product_brand-edelschwarz","7":"product_cat-spirituosen","9":"first","10":"instock","11":"taxable","12":"shipping-taxable","13":"purchasable","14":"product-type-simple","15":"add-to-wishlist-before_image"},"acf":[],"_links":{"self":[{"href":"https:\/\/edelalpen.ch\/fr\/wp-json\/wp\/v2\/product\/3421","targetHints":{"allow":["GET"]}}],"collection":[{"href":"https:\/\/edelalpen.ch\/fr\/wp-json\/wp\/v2\/product"}],"about":[{"href":"https:\/\/edelalpen.ch\/fr\/wp-json\/wp\/v2\/types\/product"}],"replies":[{"embeddable":true,"href":"https:\/\/edelalpen.ch\/fr\/wp-json\/wp\/v2\/comments?post=3421"}],"wp:featuredmedia":[{"embeddable":true,"href":"https:\/\/edelalpen.ch\/fr\/wp-json\/wp\/v2\/media\/3424"}],"wp:attachment":[{"href":"https:\/\/edelalpen.ch\/fr\/wp-json\/wp\/v2\/media?parent=3421"}],"wp:term":[{"taxonomy":"product_brand","embeddable":true,"href":"https:\/\/edelalpen.ch\/fr\/wp-json\/wp\/v2\/product_brand?post=3421"},{"taxonomy":"product_cat","embeddable":true,"href":"https:\/\/edelalpen.ch\/fr\/wp-json\/wp\/v2\/product_cat?post=3421"},{"taxonomy":"product_tag","embeddable":true,"href":"https:\/\/edelalpen.ch\/fr\/wp-json\/wp\/v2\/product_tag?post=3421"}],"curies":[{"name":"wp","href":"https:\/\/api.w.org\/{rel}","templated":true}]}}