{"id":3426,"date":"2025-11-01T17:53:02","date_gmt":"2025-11-01T16:53:02","guid":{"rendered":"https:\/\/edelalpen.ch\/?post_type=product&#038;p=3426"},"modified":"2025-11-02T08:50:27","modified_gmt":"2025-11-02T07:50:27","slug":"edelschwarz-alpine-bio-spirits-cocoa-bio-gin-premium-42-vol-05l","status":"publish","type":"product","link":"https:\/\/edelalpen.ch\/fr\/boutique\/spiritueux\/edelschwarz-alpine-bio-spirits-cocoa-bio-gin-premium-42-vol-05l\/","title":{"rendered":"Edelschwarz Alpine Bio Spirits Cocoa Bio Gin \/ Premium 42 % vol.,0,5l"},"content":{"rendered":"<ul>\n<li>17 botaniques alpines bio s\u00e9lectionn\u00e9es<\/li>\n<li>Affin\u00e9 avec du cacao premium du P\u00e9rou<\/li>\n<li>Gin aux notes uniques de bitume tendre<\/li>\n<\/ul>\n<p><strong>Quand le cacao \u00e9quitable des Andes s'allie aux notes montagnardes acidul\u00e9es du Tyrol du Sud<\/strong><\/p>\n<p>Le gin Cocoa Bio d'Edelschwarz est un gin 100% biologique des Alpes affin\u00e9 avec la f\u00e8ve de cacao noble \u201eChuncho\u201c - la f\u00e8ve originelle du P\u00e9rou.<\/p>\n<p>17 botaniques alpins bio soigneusement s\u00e9lectionn\u00e9s, dont l'edelweiss, la myrtille, le geni\u00e8vre, le foin de montagne, l'airelle rouge, le cynorrhodon, les baies de sureau, la m\u00e9lisse citronn\u00e9e et les aiguilles d'\u00e9pic\u00e9a, associ\u00e9s \u00e0 l'eau de source claire des montagnes et au haricot chuncho de la vall\u00e9e de l'Urubamba au P\u00e9rou, font de ce gin bio un produit au go\u00fbt unique.<\/p>","protected":false},"excerpt":{"rendered":"<p>17 ausgew\u00e4hlte alpine Bio-Botanicals Veredelt mit Premiumkakao aus Peru Gin mit einzigartigen Zartbitternoten Wenn fairer Kakao aus den Anden und herbe Bergnoten aus S\u00fcdtirol sich vereinen Der Cocoa Bio Gin von Edelschwarz ist ein zu 100% biologischer Gin aus den Alpen verfeinert mit der Edelkakaobohne \u201eChuncho\u201c \u2013 der Urbohne aus Peru. 17 sorgf\u00e4ltig ausgew\u00e4hlte alpine [&hellip;]<\/p>\n","protected":false},"featured_media":3429,"comment_status":"open","ping_status":"closed","template":"","meta":{"_acf_changed":false},"product_brand":[97],"product_cat":[35],"product_tag":[],"class_list":{"0":"post-3426","1":"product","2":"type-product","3":"status-publish","4":"has-post-thumbnail","6":"product_brand-edelschwarz","7":"product_cat-spirituosen","9":"first","10":"instock","11":"taxable","12":"shipping-taxable","13":"purchasable","14":"product-type-simple","15":"add-to-wishlist-before_image"},"acf":[],"_links":{"self":[{"href":"https:\/\/edelalpen.ch\/fr\/wp-json\/wp\/v2\/product\/3426","targetHints":{"allow":["GET"]}}],"collection":[{"href":"https:\/\/edelalpen.ch\/fr\/wp-json\/wp\/v2\/product"}],"about":[{"href":"https:\/\/edelalpen.ch\/fr\/wp-json\/wp\/v2\/types\/product"}],"replies":[{"embeddable":true,"href":"https:\/\/edelalpen.ch\/fr\/wp-json\/wp\/v2\/comments?post=3426"}],"wp:featuredmedia":[{"embeddable":true,"href":"https:\/\/edelalpen.ch\/fr\/wp-json\/wp\/v2\/media\/3429"}],"wp:attachment":[{"href":"https:\/\/edelalpen.ch\/fr\/wp-json\/wp\/v2\/media?parent=3426"}],"wp:term":[{"taxonomy":"product_brand","embeddable":true,"href":"https:\/\/edelalpen.ch\/fr\/wp-json\/wp\/v2\/product_brand?post=3426"},{"taxonomy":"product_cat","embeddable":true,"href":"https:\/\/edelalpen.ch\/fr\/wp-json\/wp\/v2\/product_cat?post=3426"},{"taxonomy":"product_tag","embeddable":true,"href":"https:\/\/edelalpen.ch\/fr\/wp-json\/wp\/v2\/product_tag?post=3426"}],"curies":[{"name":"wp","href":"https:\/\/api.w.org\/{rel}","templated":true}]}}