{"id":3434,"date":"2025-11-02T08:25:16","date_gmt":"2025-11-02T07:25:16","guid":{"rendered":"https:\/\/edelalpen.ch\/?post_type=product&#038;p=3434"},"modified":"2025-11-08T09:46:39","modified_gmt":"2025-11-08T08:46:39","slug":"pour-plun-dol-gin-42-vol-05l","status":"publish","type":"product","link":"https:\/\/edelalpen.ch\/fr\/boutique\/spiritueux\/pour-plun-dol-gin-42-vol-05l\/","title":{"rendered":"Pour Plun Dol Gin 42 % vol., 0,5 l"},"content":{"rendered":"<p>Le Dol Gin de Zu Plun est le premier gin \u00e0 avoir \u00e9t\u00e9 distill\u00e9 en Italie et dans les Dolomites. Inspir\u00e9 par les l\u00e9gendes de sorci\u00e8res qui entourent le plateau du Schlern, ce gin r\u00e9unit des herbes des Dolomites et de l'Alpe de Siusi. Presque tous les botaniques, comme le geni\u00e8vre et 24 autres herbes de montagne, ainsi que les fleurs et les racines du sureau mystique, poussent directement dans cette r\u00e9gion alpine. Un v\u00e9ritable plaisir olfactif qui enthousiasme avec du geni\u00e8vre frais, des herbes de montagne et une subtile note poivr\u00e9e.<\/p>\n<p>Avec des distinctions internationales, dont le titre de \u201emeilleur gin italien\u201c d\u00e9cern\u00e9 par le Gambero Rosso, le Dol Gin s'est \u00e9tabli depuis longtemps comme un produit d'excellence. Le gin se pr\u00e9sente comme un plaisir harmonieusement \u00e2pre, piquant et fin \u00e0 la fois - un v\u00e9ritable chef-d'\u0153uvre pour les amateurs de gin, qui incarne le \u201eSpirit of the Dolomites\u201c dans chaque bouteille.<\/p>\n<p>D\u00e9couvrez le Dol Gin - un gin alpin qui allie histoire et artisanat dans chaque goutte.<\/p>","protected":false},"excerpt":{"rendered":"<p>Der Dol Gin von Zu Plun ist der erste Gin, der in Italien und in den Dolomiten destilliert wurde. Inspiriert von den Legenden der Hexen, die sich um das Schlernplateau ranken, vereint dieser Gin Kr\u00e4uter aus den Dolomiten und der Seiser Alm. Fast alle Botanicals, wie Wacholder und 24 weitere Bergkr\u00e4uter, sowie Bl\u00fcten und Wurzeln [&hellip;]<\/p>\n","protected":false},"featured_media":3435,"comment_status":"open","ping_status":"closed","template":"","meta":{"_acf_changed":false},"product_brand":[52],"product_cat":[35],"product_tag":[],"class_list":{"0":"post-3434","1":"product","2":"type-product","3":"status-publish","4":"has-post-thumbnail","6":"product_brand-zu-plun","7":"product_cat-spirituosen","9":"first","10":"instock","11":"taxable","12":"shipping-taxable","13":"purchasable","14":"product-type-simple","15":"add-to-wishlist-before_image"},"acf":[],"_links":{"self":[{"href":"https:\/\/edelalpen.ch\/fr\/wp-json\/wp\/v2\/product\/3434","targetHints":{"allow":["GET"]}}],"collection":[{"href":"https:\/\/edelalpen.ch\/fr\/wp-json\/wp\/v2\/product"}],"about":[{"href":"https:\/\/edelalpen.ch\/fr\/wp-json\/wp\/v2\/types\/product"}],"replies":[{"embeddable":true,"href":"https:\/\/edelalpen.ch\/fr\/wp-json\/wp\/v2\/comments?post=3434"}],"wp:featuredmedia":[{"embeddable":true,"href":"https:\/\/edelalpen.ch\/fr\/wp-json\/wp\/v2\/media\/3435"}],"wp:attachment":[{"href":"https:\/\/edelalpen.ch\/fr\/wp-json\/wp\/v2\/media?parent=3434"}],"wp:term":[{"taxonomy":"product_brand","embeddable":true,"href":"https:\/\/edelalpen.ch\/fr\/wp-json\/wp\/v2\/product_brand?post=3434"},{"taxonomy":"product_cat","embeddable":true,"href":"https:\/\/edelalpen.ch\/fr\/wp-json\/wp\/v2\/product_cat?post=3434"},{"taxonomy":"product_tag","embeddable":true,"href":"https:\/\/edelalpen.ch\/fr\/wp-json\/wp\/v2\/product_tag?post=3434"}],"curies":[{"name":"wp","href":"https:\/\/api.w.org\/{rel}","templated":true}]}}