{"id":3468,"date":"2025-11-04T14:21:38","date_gmt":"2025-11-04T13:21:38","guid":{"rendered":"https:\/\/edelalpen.ch\/?post_type=product&#038;p=3468"},"modified":"2026-04-03T11:25:23","modified_gmt":"2026-04-03T09:25:23","slug":"pour-plunblue-tea-gin-42-vol-05l-copie","status":"publish","type":"product","link":"https:\/\/edelalpen.ch\/fr\/boutique\/spiritueux\/pour-plunblue-tea-gin-42-vol-05l-copie\/","title":{"rendered":"Pour Plun Blue Tea Gin 42 % vol, 0,5 l"},"content":{"rendered":"<p>Un gin rare et raffin\u00e9 - pour les vrais connaisseurs.<br \/>\nLe Blue Tea Gin est une cr\u00e9ation prim\u00e9e du Master Distiller Florian Rabanser de Zu Plun, r\u00e9compens\u00e9e par le WineHunter Award Gold au Merano Wine Festival 2022.<\/p>\n<p>Inspir\u00e9 du geste de bienvenue tha\u00eflandais et du lien s\u00e9culaire entre Venise et l'Orient, ce gin combine des ar\u00f4mes \u00e9pic\u00e9s, une profondeur florale et une puret\u00e9 alpine.<\/p>\n<p>La base est constitu\u00e9e de Blue Chai Butterfly Pea Blossoms, un noble th\u00e9 oolong d'Asie du Sud-Est et d'Inde, qui conf\u00e8re au distillat sa couleur bleue profonde caract\u00e9ristique et son \u00e9l\u00e9gance naturelle.<\/p>\n<p>En bouche, des notes complexes de chai, d'\u00e9pices orientales et de fleurs se d\u00e9veloppent, avec une finale longue et \u00e9quilibr\u00e9e.<br \/>\nUn distillat qui invite \u00e0 s'arr\u00eater, \u00e0 savourer et \u00e0 se souvenir\u201c.\u201c<br \/>\n\u201eUn gin floral, fascinant et intemporel.<br \/>\nLe gin Rosa Moceniga est un distillat unique, r\u00e9compens\u00e9 par le WineHunter Red Award lors du Merano Wine Festival 2022 - le r\u00e9sultat du savoir-faire magistral de Florian Rabanser.<\/p>\n<p>Son essence provient d'une fleur exceptionnelle : la Rosa Moceniga, une ancienne vari\u00e9t\u00e9 de rose au parfum intense, red\u00e9couverte dans les jardins secrets de la lagune v\u00e9nitienne.<br \/>\nAssoci\u00e9e \u00e0 25 botaniques s\u00e9lectionn\u00e9s, elle conf\u00e8re au gin un profil \u00e9l\u00e9gant, rond et inoubliable.<\/p>\n<p>Un distillat artisanal inspir\u00e9 du raffinement v\u00e9nitien et de l'attachement \u00e0 la terre des Dolomites\u201c.\u201c<\/p>","protected":false},"excerpt":{"rendered":"<p>Ein seltener und raffinierter Gin \u2013 f\u00fcr wahre Kenner. Blue Tea Gin ist eine preisgekr\u00f6nte Kreation des Master Distillers Florian Rabanser von Zu Plun, ausgezeichnet mit dem WineHunter Award Gold beim Merano Wine Festival 2022. Inspiriert von der thail\u00e4ndischen Willkommensgeste und der jahrhundertealten Verbindung zwischen Venedig und dem Orient, vereint dieser Gin w\u00fcrzige Aromen, florale [&hellip;]<\/p>\n","protected":false},"featured_media":3461,"comment_status":"open","ping_status":"closed","template":"","meta":{"_acf_changed":false},"product_brand":[52],"product_cat":[35],"product_tag":[],"class_list":{"0":"post-3468","1":"product","2":"type-product","3":"status-publish","4":"has-post-thumbnail","6":"product_brand-zu-plun","7":"product_cat-spirituosen","9":"first","10":"instock","11":"featured","12":"taxable","13":"shipping-taxable","14":"purchasable","15":"product-type-simple","16":"add-to-wishlist-before_image"},"acf":[],"_links":{"self":[{"href":"https:\/\/edelalpen.ch\/fr\/wp-json\/wp\/v2\/product\/3468","targetHints":{"allow":["GET"]}}],"collection":[{"href":"https:\/\/edelalpen.ch\/fr\/wp-json\/wp\/v2\/product"}],"about":[{"href":"https:\/\/edelalpen.ch\/fr\/wp-json\/wp\/v2\/types\/product"}],"replies":[{"embeddable":true,"href":"https:\/\/edelalpen.ch\/fr\/wp-json\/wp\/v2\/comments?post=3468"}],"wp:featuredmedia":[{"embeddable":true,"href":"https:\/\/edelalpen.ch\/fr\/wp-json\/wp\/v2\/media\/3461"}],"wp:attachment":[{"href":"https:\/\/edelalpen.ch\/fr\/wp-json\/wp\/v2\/media?parent=3468"}],"wp:term":[{"taxonomy":"product_brand","embeddable":true,"href":"https:\/\/edelalpen.ch\/fr\/wp-json\/wp\/v2\/product_brand?post=3468"},{"taxonomy":"product_cat","embeddable":true,"href":"https:\/\/edelalpen.ch\/fr\/wp-json\/wp\/v2\/product_cat?post=3468"},{"taxonomy":"product_tag","embeddable":true,"href":"https:\/\/edelalpen.ch\/fr\/wp-json\/wp\/v2\/product_tag?post=3468"}],"curies":[{"name":"wp","href":"https:\/\/api.w.org\/{rel}","templated":true}]}}