{"id":3476,"date":"2025-11-08T08:52:47","date_gmt":"2025-11-08T07:52:47","guid":{"rendered":"https:\/\/edelalpen.ch\/?post_type=product&#038;p=3476"},"modified":"2026-04-03T14:56:05","modified_gmt":"2026-04-03T12:56:05","slug":"gumphof-renaissance-pinot-blanc-riserva-2022-suedtirol-doc","status":"publish","type":"product","link":"https:\/\/edelalpen.ch\/fr\/boutique\/vins-blancs\/gumphof-renaissance-pinot-blanc-riserva-2022-suedtirol-doc\/","title":{"rendered":"Gumphof Renaissance Weissburgunder Riserva 2022 Tyrol du Sud DOC 14 % vol, 0.75 l"},"content":{"rendered":"<div class=\"custom-product-description-section\">\n<div class=\"product-description-sec\">\n<div class=\"product__description rte quick-add-hidden\">\n<p>Couleur jaune clair intense. Au nez, min\u00e9ralit\u00e9 d\u00e9licate soutenue par des \u00e9pices bois\u00e9es \u00e9l\u00e9gantes, s'ouvre sur des nuances de fruits jaunes, p\u00eache blanche, pamplemousse, complexe. En bouche, \u00e9quilibr\u00e9 et riche, montre un fondant fin et un jeu \u00e9quilibr\u00e9 entre le fruit et l'acidit\u00e9, une pression fine avec une longue finale, sal\u00e9e en finale.<\/p>\n<p>Accompagne les entr\u00e9es l\u00e9g\u00e8res, le poisson et les plats de quenelles.<\/p>\n<p>Au Gump Hof, dans le sud de la vall\u00e9e d'Isarco, au pied du massif du Schlern, les vignes poussent \u00e0 500-550 m\u00e8tres d'altitude sur des moraines calcaires, sur un porphyre de quartz solide.<\/p>\n<div class=\"product product--medium product--left product--stacked product--mobile-hide grid grid--1-col grid--2-col-tablet\">\n<div class=\"product__info-wrapper grid__item scroll-trigger animate--slide-in\">\n<div class=\"etx-text Text rte product__tags\">\n<p><b>C\u00e9pages :<br \/>\n<\/b>Pinot bianco \/ Pinot blanc \/ Pinot blanc<\/p>\n<\/div>\n<\/div>\n<\/div>\n<p><strong>Vinification<br \/>\n<\/strong>Courte mac\u00e9ration des raisins, puis pressurage doux et fermentation en f\u00fbts de bois. Stockage et maturation pendant 12 mois en f\u00fbts de bois sur les premi\u00e8res lies, puis en cuve d'acier pendant 1 an sur les lies fines.<\/p>\n<p><strong>Temp\u00e9rature de d\u00e9gustation<\/strong><br \/>\n8-10\u00b0 C.<\/p>\n<p><strong>Maturit\u00e9 de consommation<br \/>\n<\/strong>Au cours des dix prochaines ann\u00e9es.<\/p>\n<\/div>\n<\/div>\n<\/div>","protected":false},"excerpt":{"rendered":"<p>Intensive hellgelbe Farbe. In der Nase zarte Mineralit\u00e4t unterst\u00fctzt von eleganter Holzw\u00fcrze, \u00f6ffnet sich auf gelbfruchtigen Nuancen, weisser Pfirsich, Grapefruit, komplex. Am Gaumen ausgewogen und satt, zeigt feinen Schmelz und ausbalanciertes Spiel zwischen Frucht und S\u00e4ure, feiner Druck mit langem Abgang, im Finale salzig. Passt zu leichten Vorspeisen, Fisch und Kn\u00f6delgerichten. Auf dem Gump Hof [&hellip;]<\/p>\n","protected":false},"featured_media":3495,"comment_status":"open","ping_status":"closed","template":"","meta":{"_acf_changed":false},"product_brand":[117],"product_cat":[116],"product_tag":[],"class_list":{"0":"post-3476","1":"product","2":"type-product","3":"status-publish","4":"has-post-thumbnail","6":"product_brand-gumphof","7":"product_cat-weissweine","9":"first","10":"instock","11":"taxable","12":"shipping-taxable","13":"purchasable","14":"product-type-simple","15":"add-to-wishlist-before_image"},"acf":[],"_links":{"self":[{"href":"https:\/\/edelalpen.ch\/fr\/wp-json\/wp\/v2\/product\/3476","targetHints":{"allow":["GET"]}}],"collection":[{"href":"https:\/\/edelalpen.ch\/fr\/wp-json\/wp\/v2\/product"}],"about":[{"href":"https:\/\/edelalpen.ch\/fr\/wp-json\/wp\/v2\/types\/product"}],"replies":[{"embeddable":true,"href":"https:\/\/edelalpen.ch\/fr\/wp-json\/wp\/v2\/comments?post=3476"}],"wp:featuredmedia":[{"embeddable":true,"href":"https:\/\/edelalpen.ch\/fr\/wp-json\/wp\/v2\/media\/3495"}],"wp:attachment":[{"href":"https:\/\/edelalpen.ch\/fr\/wp-json\/wp\/v2\/media?parent=3476"}],"wp:term":[{"taxonomy":"product_brand","embeddable":true,"href":"https:\/\/edelalpen.ch\/fr\/wp-json\/wp\/v2\/product_brand?post=3476"},{"taxonomy":"product_cat","embeddable":true,"href":"https:\/\/edelalpen.ch\/fr\/wp-json\/wp\/v2\/product_cat?post=3476"},{"taxonomy":"product_tag","embeddable":true,"href":"https:\/\/edelalpen.ch\/fr\/wp-json\/wp\/v2\/product_tag?post=3476"}],"curies":[{"name":"wp","href":"https:\/\/api.w.org\/{rel}","templated":true}]}}