{"id":3492,"date":"2025-11-09T15:13:40","date_gmt":"2025-11-09T14:13:40","guid":{"rendered":"https:\/\/edelalpen.ch\/?post_type=product&#038;p=3492"},"modified":"2026-04-03T14:54:54","modified_gmt":"2026-04-03T12:54:54","slug":"gumphof-praesulis-pinot-blanc-2023-suedtirol-doc-14-vol-0-75-l-copie","status":"publish","type":"product","link":"https:\/\/edelalpen.ch\/fr\/boutique\/vins-blancs\/gumphof-praesulis-pinot-blanc-2023-suedtirol-doc-14-vol-0-75-l-copie\/","title":{"rendered":"Gumphof Praesulis Pinot blanc 2023 Tyrol du Sud DOC 13,5 % vol, 0.75 l"},"content":{"rendered":"<div class=\"custom-product-description-section\">\n<div class=\"product-description-sec\">\n<div class=\"product__description rte quick-add-hidden\">\n<p>Couleur jaune clair. Nez d'agrumes relativement frais, un peu v\u00e9g\u00e9tal, avec des tons floraux. La bouche est \u00e9tonnamment verte pour un vin avec autant d'alcool, v\u00e9g\u00e9tal, un peu tannique, acidit\u00e9 pr\u00e9sente, tons miell\u00e9s au palais, touches c\u00e9r\u00e9ali\u00e8res, ar\u00f4mes de levure et de noix, finale correcte.<\/p>\n<p>Accompagne les entr\u00e9es l\u00e9g\u00e8res, le poisson et les fromages doux.<\/p>\n<p>Au Gump Hof, dans le sud de la vall\u00e9e d'Isarco, au pied du massif du Schlern, les vignes poussent \u00e0 500-550 m\u00e8tres d'altitude sur des moraines calcaires, sur un porphyre de quartz solide.<\/p>\n<div class=\"product product--medium product--left product--stacked product--mobile-hide grid grid--1-col grid--2-col-tablet\">\n<div class=\"product__info-wrapper grid__item scroll-trigger animate--slide-in\">\n<div class=\"etx-text Text rte product__tags\">\n<p><b>C\u00e9pages :<br \/>\n<\/b>Pinot bianco \/ Pinot blanc \/ Pinot blanc<\/p>\n<\/div>\n<\/div>\n<\/div>\n<p><strong>Vinification<br \/>\n<\/strong>Pressurage doux et fermentation en cuve d'acier et 1\/3 en bois (tonneau). Stockage et maturation pendant 10 mois sur lies fines en cuve d'acier et 1\/3 en f\u00fbt de bois (tonneau).<\/p>\n<p><strong>Temp\u00e9rature de d\u00e9gustation<\/strong><br \/>\n12-14\u00b0 C<\/p>\n<p><strong>Maturit\u00e9 de consommation<br \/>\n<\/strong>Au cours des cinq prochaines ann\u00e9es.<\/p>\n<\/div>\n<\/div>\n<\/div>","protected":false},"excerpt":{"rendered":"<p>Hellgelbe Farbe. Relativ k\u00fchle, etwas pflanzliche Zitrusnase mit floralen T\u00f6nen. Wirkt erstaunlich gr\u00fcn im Mund f\u00fcr einen Wein mit so viel Alkohol, vegetabil, etwas gerbstoffig, pr\u00e4sente S\u00e4ure, Honigt\u00f6ne am Gaumen, getreidige Ankl\u00e4nge, hefige und nussige Aromen, ordentlicher Abgang. Passt zu leichten Vorspeisen, Fisch und mildem K\u00e4se. Auf dem Gump Hof im s\u00fcdlichen Eisacktal am Fuss [&hellip;]<\/p>\n","protected":false},"featured_media":3496,"comment_status":"open","ping_status":"closed","template":"","meta":{"_acf_changed":false},"product_brand":[117],"product_cat":[116],"product_tag":[],"class_list":{"0":"post-3492","1":"product","2":"type-product","3":"status-publish","4":"has-post-thumbnail","6":"product_brand-gumphof","7":"product_cat-weissweine","9":"first","10":"instock","11":"taxable","12":"shipping-taxable","13":"purchasable","14":"product-type-simple","15":"add-to-wishlist-before_image"},"acf":[],"_links":{"self":[{"href":"https:\/\/edelalpen.ch\/fr\/wp-json\/wp\/v2\/product\/3492","targetHints":{"allow":["GET"]}}],"collection":[{"href":"https:\/\/edelalpen.ch\/fr\/wp-json\/wp\/v2\/product"}],"about":[{"href":"https:\/\/edelalpen.ch\/fr\/wp-json\/wp\/v2\/types\/product"}],"replies":[{"embeddable":true,"href":"https:\/\/edelalpen.ch\/fr\/wp-json\/wp\/v2\/comments?post=3492"}],"wp:featuredmedia":[{"embeddable":true,"href":"https:\/\/edelalpen.ch\/fr\/wp-json\/wp\/v2\/media\/3496"}],"wp:attachment":[{"href":"https:\/\/edelalpen.ch\/fr\/wp-json\/wp\/v2\/media?parent=3492"}],"wp:term":[{"taxonomy":"product_brand","embeddable":true,"href":"https:\/\/edelalpen.ch\/fr\/wp-json\/wp\/v2\/product_brand?post=3492"},{"taxonomy":"product_cat","embeddable":true,"href":"https:\/\/edelalpen.ch\/fr\/wp-json\/wp\/v2\/product_cat?post=3492"},{"taxonomy":"product_tag","embeddable":true,"href":"https:\/\/edelalpen.ch\/fr\/wp-json\/wp\/v2\/product_tag?post=3492"}],"curies":[{"name":"wp","href":"https:\/\/api.w.org\/{rel}","templated":true}]}}