{"id":3617,"date":"2026-04-03T10:30:17","date_gmt":"2026-04-03T08:30:17","guid":{"rendered":"https:\/\/edelalpen.ch\/"},"modified":"2026-04-03T12:31:18","modified_gmt":"2026-04-03T10:31:18","slug":"munakra-botanical-blend-alkoholfrei-gin-0-vol-05-l","status":"publish","type":"product","link":"https:\/\/edelalpen.ch\/fr\/boutique\/spiritueux\/munakra-botanical-blend-alkoholfrei-gin-0-vol-05-l\/","title":{"rendered":"Munakra Botanical Blend Alkoholfrei 0,0 % vol., 0,5 l"},"content":{"rendered":"<ul>\n<li>\nZucker- und Kalorienfrei<\/li>\n<li>Kupferdestillierter Wacholder: Echte Gin-Basis f\u00fcr Struktur und Charakter<\/li>\n<li>Frisch und vielschichtig: Zitrus, Kr\u00e4uter und feine Frucht in harmonischer Balance<\/li>\n<li>Handcrafted f\u00fcr alkoholfreie Drinks<\/li>\n<li>Vegan<\/li>\n<\/ul>","protected":false},"excerpt":{"rendered":"<p>Zucker- und Kalorienfrei Kupferdestillierter Wacholder: Echte Gin-Basis f\u00fcr Struktur und Charakter Frisch und vielschichtig: Zitrus, Kr\u00e4uter und feine Frucht in harmonischer Balance Handcrafted f\u00fcr alkoholfreie Drinks Vegan<\/p>","protected":false},"featured_media":3619,"comment_status":"open","ping_status":"closed","template":"","meta":{"_acf_changed":false},"product_brand":[134],"product_cat":[35],"product_tag":[],"class_list":{"0":"post-3617","1":"product","2":"type-product","3":"status-publish","4":"has-post-thumbnail","6":"product_brand-munakra","7":"product_cat-spirituosen","9":"first","10":"instock","11":"taxable","12":"shipping-taxable","13":"purchasable","14":"product-type-simple","15":"add-to-wishlist-before_image"},"acf":[],"_links":{"self":[{"href":"https:\/\/edelalpen.ch\/fr\/wp-json\/wp\/v2\/product\/3617","targetHints":{"allow":["GET"]}}],"collection":[{"href":"https:\/\/edelalpen.ch\/fr\/wp-json\/wp\/v2\/product"}],"about":[{"href":"https:\/\/edelalpen.ch\/fr\/wp-json\/wp\/v2\/types\/product"}],"replies":[{"embeddable":true,"href":"https:\/\/edelalpen.ch\/fr\/wp-json\/wp\/v2\/comments?post=3617"}],"wp:featuredmedia":[{"embeddable":true,"href":"https:\/\/edelalpen.ch\/fr\/wp-json\/wp\/v2\/media\/3619"}],"wp:attachment":[{"href":"https:\/\/edelalpen.ch\/fr\/wp-json\/wp\/v2\/media?parent=3617"}],"wp:term":[{"taxonomy":"product_brand","embeddable":true,"href":"https:\/\/edelalpen.ch\/fr\/wp-json\/wp\/v2\/product_brand?post=3617"},{"taxonomy":"product_cat","embeddable":true,"href":"https:\/\/edelalpen.ch\/fr\/wp-json\/wp\/v2\/product_cat?post=3617"},{"taxonomy":"product_tag","embeddable":true,"href":"https:\/\/edelalpen.ch\/fr\/wp-json\/wp\/v2\/product_tag?post=3617"}],"curies":[{"name":"wp","href":"https:\/\/api.w.org\/{rel}","templated":true}]}}