{"id":3624,"date":"2026-04-03T12:26:28","date_gmt":"2026-04-03T10:26:28","guid":{"rendered":"https:\/\/edelalpen.ch\/"},"modified":"2026-04-03T15:48:57","modified_gmt":"2026-04-03T13:48:57","slug":"munakra-rum-botanicals-cask-aged-40-vol-05-l","status":"publish","type":"product","link":"https:\/\/edelalpen.ch\/fr\/boutique\/spiritueux\/munakra-rum-botanicals-cask-aged-40-vol-05-l\/","title":{"rendered":"Munakra Rum &#038; Botanicals Cask Aged 40 % vol., 0,5 l"},"content":{"rendered":"<p>Rum, destilliert mit Botanicals f\u00fcr das besondere Geschmackserlebnis. Durch die Reifung in in edlen <strong>Pedro-Xim\u00e9nez-Sherryf\u00e4ssern<\/strong> entfaltet er ein <strong>vielschichtiges Aromenspiel<\/strong>, das die Sinne verf\u00fchrt.<\/p>\n<ul>\n<li><strong>Komplexe Aromen: <\/strong>verf\u00fchrerische florale Noten von Honig, dunkler Schokolade, roten Fr\u00fcchten und dezentes Holz, perfekt ausbalanciert.<\/li>\n<li><strong>Fassgereift in PX-Sherryf\u00e4ssern: <\/strong>die edle Reifung verleiht Tiefe, F\u00fclle und einzigartige Nuancen<\/li>\n<li><strong>Handgemacht:<\/strong> in kleinen Chargen mit Liebe produziert<\/li>\n<li><strong>Vegan: <\/strong>100% nat\u00fcrlich und nachhaltig<\/li>\n<\/ul>","protected":false},"excerpt":{"rendered":"<p>Rum, destilliert mit Botanicals f\u00fcr das besondere Geschmackserlebnis. Durch die Reifung in in edlen Pedro-Xim\u00e9nez-Sherryf\u00e4ssern entfaltet er ein vielschichtiges Aromenspiel, das die Sinne verf\u00fchrt. Komplexe Aromen: verf\u00fchrerische florale Noten von Honig, dunkler Schokolade, roten Fr\u00fcchten und dezentes Holz, perfekt ausbalanciert. Fassgereift in PX-Sherryf\u00e4ssern: die edle Reifung verleiht Tiefe, F\u00fclle und einzigartige Nuancen Handgemacht: in kleinen [&hellip;]<\/p>\n","protected":false},"featured_media":3639,"comment_status":"open","ping_status":"closed","template":"","meta":{"_acf_changed":false},"product_brand":[134],"product_cat":[35],"product_tag":[],"class_list":{"0":"post-3624","1":"product","2":"type-product","3":"status-publish","4":"has-post-thumbnail","6":"product_brand-munakra","7":"product_cat-spirituosen","9":"first","10":"instock","11":"taxable","12":"shipping-taxable","13":"purchasable","14":"product-type-simple","15":"add-to-wishlist-before_image"},"acf":[],"_links":{"self":[{"href":"https:\/\/edelalpen.ch\/fr\/wp-json\/wp\/v2\/product\/3624","targetHints":{"allow":["GET"]}}],"collection":[{"href":"https:\/\/edelalpen.ch\/fr\/wp-json\/wp\/v2\/product"}],"about":[{"href":"https:\/\/edelalpen.ch\/fr\/wp-json\/wp\/v2\/types\/product"}],"replies":[{"embeddable":true,"href":"https:\/\/edelalpen.ch\/fr\/wp-json\/wp\/v2\/comments?post=3624"}],"wp:featuredmedia":[{"embeddable":true,"href":"https:\/\/edelalpen.ch\/fr\/wp-json\/wp\/v2\/media\/3639"}],"wp:attachment":[{"href":"https:\/\/edelalpen.ch\/fr\/wp-json\/wp\/v2\/media?parent=3624"}],"wp:term":[{"taxonomy":"product_brand","embeddable":true,"href":"https:\/\/edelalpen.ch\/fr\/wp-json\/wp\/v2\/product_brand?post=3624"},{"taxonomy":"product_cat","embeddable":true,"href":"https:\/\/edelalpen.ch\/fr\/wp-json\/wp\/v2\/product_cat?post=3624"},{"taxonomy":"product_tag","embeddable":true,"href":"https:\/\/edelalpen.ch\/fr\/wp-json\/wp\/v2\/product_tag?post=3624"}],"curies":[{"name":"wp","href":"https:\/\/api.w.org\/{rel}","templated":true}]}}