{"id":3642,"date":"2026-04-03T13:42:49","date_gmt":"2026-04-03T11:42:49","guid":{"rendered":"https:\/\/edelalpen.ch\/"},"modified":"2026-04-03T15:26:30","modified_gmt":"2026-04-03T13:26:30","slug":"munakra-chardonnay-cask-rested-gin-42-vol-05-l","status":"publish","type":"product","link":"https:\/\/edelalpen.ch\/fr\/boutique\/spiritueux\/munakra-chardonnay-cask-rested-gin-42-vol-05-l\/","title":{"rendered":"Munakra Chardonnay Cask Rested Gin 42 % vol., 0,5 l"},"content":{"rendered":"<p><strong>MUNAKRA Signature Cask Series No. 1 &#8211; Chardonnay Cask Rested Gin<\/strong><\/p>\n<p>Ein handgemachter Gin, destilliert im Small-Batch-Stil und anschlie\u00dfend in ausgew\u00e4hlten Chardonnay-F\u00e4ssern veredelt. Durch die Fassreifung entfaltet er eine elegante Balance aus feinen Vanillenoten, dezenten R\u00f6staromen und der charakteristischen Frische vom MUNAKRA Mystic Garden Dry Gin &#8211; eine Symbiose aus Handwerkskunst und Zeit.<\/p>\n<p><strong>Chardonnay-Fassreifung:<\/strong> sanfte Vanille, zarte Holzt\u00f6ne und eine elegante Tiefe<br \/>\n<strong>Limitierte Cask Series:<\/strong> jedes Fass ein Unikat, streng limitiert und nummeriert<br \/>\n<strong>Handgemacht:<\/strong> mit Liebe destilliert, in kleinen Chargen produziert<br \/>\n<strong>Vegan und nat\u00fcrlich:<\/strong> 100\u202f% nat\u00fcrliche Botanicals, ohne k\u00fcnstliche Zus\u00e4tze<\/p>","protected":false},"excerpt":{"rendered":"<p>MUNAKRA Signature Cask Series No. 1 &#8211; Chardonnay Cask Rested Gin Ein handgemachter Gin, destilliert im Small-Batch-Stil und anschlie\u00dfend in ausgew\u00e4hlten Chardonnay-F\u00e4ssern veredelt. Durch die Fassreifung entfaltet er eine elegante Balance aus feinen Vanillenoten, dezenten R\u00f6staromen und der charakteristischen Frische vom MUNAKRA Mystic Garden Dry Gin &#8211; eine Symbiose aus Handwerkskunst und Zeit. Chardonnay-Fassreifung: sanfte [&hellip;]<\/p>\n","protected":false},"featured_media":3660,"comment_status":"open","ping_status":"closed","template":"","meta":{"_acf_changed":false},"product_brand":[134],"product_cat":[35],"product_tag":[],"class_list":{"0":"post-3642","1":"product","2":"type-product","3":"status-publish","4":"has-post-thumbnail","6":"product_brand-munakra","7":"product_cat-spirituosen","9":"first","10":"instock","11":"taxable","12":"shipping-taxable","13":"purchasable","14":"product-type-simple","15":"add-to-wishlist-before_image"},"acf":[],"_links":{"self":[{"href":"https:\/\/edelalpen.ch\/fr\/wp-json\/wp\/v2\/product\/3642","targetHints":{"allow":["GET"]}}],"collection":[{"href":"https:\/\/edelalpen.ch\/fr\/wp-json\/wp\/v2\/product"}],"about":[{"href":"https:\/\/edelalpen.ch\/fr\/wp-json\/wp\/v2\/types\/product"}],"replies":[{"embeddable":true,"href":"https:\/\/edelalpen.ch\/fr\/wp-json\/wp\/v2\/comments?post=3642"}],"wp:featuredmedia":[{"embeddable":true,"href":"https:\/\/edelalpen.ch\/fr\/wp-json\/wp\/v2\/media\/3660"}],"wp:attachment":[{"href":"https:\/\/edelalpen.ch\/fr\/wp-json\/wp\/v2\/media?parent=3642"}],"wp:term":[{"taxonomy":"product_brand","embeddable":true,"href":"https:\/\/edelalpen.ch\/fr\/wp-json\/wp\/v2\/product_brand?post=3642"},{"taxonomy":"product_cat","embeddable":true,"href":"https:\/\/edelalpen.ch\/fr\/wp-json\/wp\/v2\/product_cat?post=3642"},{"taxonomy":"product_tag","embeddable":true,"href":"https:\/\/edelalpen.ch\/fr\/wp-json\/wp\/v2\/product_tag?post=3642"}],"curies":[{"name":"wp","href":"https:\/\/api.w.org\/{rel}","templated":true}]}}