{"id":3645,"date":"2026-04-03T14:20:24","date_gmt":"2026-04-03T12:20:24","guid":{"rendered":"https:\/\/edelalpen.ch\/"},"modified":"2026-04-03T15:41:16","modified_gmt":"2026-04-03T13:41:16","slug":"sarnar-gin-45-vol-05-l","status":"publish","type":"product","link":"https:\/\/edelalpen.ch\/fr\/boutique\/spiritueux\/sarnar-gin-45-vol-05-l\/","title":{"rendered":"Sarnar Gin 45 % vol., 0,5 l"},"content":{"rendered":"<p><strong><a class=\"eds-text-image__text-wrapper\">Frisch und fruchtig, hergestellt mit Botanicals aus der Alpenlandschaft. Erleben Sie den Zauber der Sarner Berge.<\/a><\/strong><\/p>\n<p>Zun\u00e4chst sind die bitteren Noten von Wacholder und Enzian zu vernehmen, allm\u00e4hlich offenbaren sich dann die zarten alpinen Kr\u00e4uteraromen, welche schlie\u00dflich mit den anderen Berg-Aromen verschmelzen und zu einem einmaligen Geschmackserlebnis f\u00fchren.<\/p>\n<div class=\"eds-vista__intro-text\">\n<div class=\"eds-vista__intro-text-container\">\n<p>Ohne die authentischen Merkmale des Gins zu vernachl\u00e4ssigen, zeichnet sich der Sarnar Gin durch sein anf\u00e4ngliches klassisches Wacholderaroma aus, das sich nach und nach harmonisch mit den anderen Kr\u00e4uter- und Fruchtaromen vermischt.<\/p>\n<p><a class=\"eds-text-image__text-wrapper\">Die Etiketten des Gins bestehen aus Stoff: eine Hommage an die Tradition des Sarntals und die typischen Stoffe der lokalen Kultur.<\/a><\/p>\n<\/div>\n<\/div>\n<div class=\"eds-vista__intro-spacer\"><\/div>","protected":false},"excerpt":{"rendered":"<p>Frisch und fruchtig, hergestellt mit Botanicals aus der Alpenlandschaft. Erleben Sie den Zauber der Sarner Berge. Zun\u00e4chst sind die bitteren Noten von Wacholder und Enzian zu vernehmen, allm\u00e4hlich offenbaren sich dann die zarten alpinen Kr\u00e4uteraromen, welche schlie\u00dflich mit den anderen Berg-Aromen verschmelzen und zu einem einmaligen Geschmackserlebnis f\u00fchren. Ohne die authentischen Merkmale des Gins zu [&hellip;]<\/p>\n","protected":false},"featured_media":3662,"comment_status":"open","ping_status":"closed","template":"","meta":{"_acf_changed":false},"product_brand":[142],"product_cat":[35],"product_tag":[],"class_list":{"0":"post-3645","1":"product","2":"type-product","3":"status-publish","4":"has-post-thumbnail","6":"product_brand-sarnar","7":"product_cat-spirituosen","9":"first","10":"instock","11":"taxable","12":"shipping-taxable","13":"purchasable","14":"product-type-simple","15":"add-to-wishlist-before_image"},"acf":[],"_links":{"self":[{"href":"https:\/\/edelalpen.ch\/fr\/wp-json\/wp\/v2\/product\/3645","targetHints":{"allow":["GET"]}}],"collection":[{"href":"https:\/\/edelalpen.ch\/fr\/wp-json\/wp\/v2\/product"}],"about":[{"href":"https:\/\/edelalpen.ch\/fr\/wp-json\/wp\/v2\/types\/product"}],"replies":[{"embeddable":true,"href":"https:\/\/edelalpen.ch\/fr\/wp-json\/wp\/v2\/comments?post=3645"}],"wp:featuredmedia":[{"embeddable":true,"href":"https:\/\/edelalpen.ch\/fr\/wp-json\/wp\/v2\/media\/3662"}],"wp:attachment":[{"href":"https:\/\/edelalpen.ch\/fr\/wp-json\/wp\/v2\/media?parent=3645"}],"wp:term":[{"taxonomy":"product_brand","embeddable":true,"href":"https:\/\/edelalpen.ch\/fr\/wp-json\/wp\/v2\/product_brand?post=3645"},{"taxonomy":"product_cat","embeddable":true,"href":"https:\/\/edelalpen.ch\/fr\/wp-json\/wp\/v2\/product_cat?post=3645"},{"taxonomy":"product_tag","embeddable":true,"href":"https:\/\/edelalpen.ch\/fr\/wp-json\/wp\/v2\/product_tag?post=3645"}],"curies":[{"name":"wp","href":"https:\/\/api.w.org\/{rel}","templated":true}]}}