{"id":3651,"date":"2026-04-03T14:49:18","date_gmt":"2026-04-03T12:49:18","guid":{"rendered":"https:\/\/edelalpen.ch\/"},"modified":"2026-04-03T14:52:49","modified_gmt":"2026-04-03T12:52:49","slug":"zu-plun-salz-gin-42-vol-05-l","status":"publish","type":"product","link":"https:\/\/edelalpen.ch\/fr\/boutique\/spiritueux\/zu-plun-salz-gin-42-vol-05-l\/","title":{"rendered":"Zu Plun Salz Gin  42 % vol., 0,5 l"},"content":{"rendered":"<p>\u201eFrais et sal\u00e9, avec des baies noires, du pamplemousse et une brise marine, et une finale \u00e9l\u00e9gante et persistante\u201c.\u201c<\/p>\n<p><strong>Der Salz Gin ist ein wahres Kunstwerk, inspiriert von der wilden Natur der Insel Sylt.<\/strong> Hergestellt aus ausgew\u00e4hlten Getreiden und destilliert in Kupferbrennkesseln, vereint dieser Gin handwerkliche Pr\u00e4zision mit der Sch\u00f6nheit der Insel. Die Botanicals werden sorgf\u00e4ltig in Infusion und im Wasserbad verarbeitet. Ein besonderes Highlight ist das Wasser aus einer Saline in Sylt, das gefiltert und demineralisiert wird, sowie die Verfeinerung mit Sylt Royal Austern.<\/p>\n<p>Le gin impressionne par ses ar\u00f4mes de baies noires, de pamplemousse frais, de geni\u00e8vre et de poivre noir, compl\u00e9t\u00e9s par une note marine sal\u00e9e. Le Salz Gin est frais et sal\u00e9 \u00e0 l'attaque, avec un go\u00fbt \u00e9l\u00e9gant et fruit\u00e9 et une finale sal\u00e9e persistante.<\/p>\n<p>Salz Gin - un gin qui porte en lui l'essence de la mer du Nord.<\/p>","protected":false},"excerpt":{"rendered":"<p>&#8222;Frisch und salzig, mit dunklen Beeren, Grapefruit und Meeresbrise, und einem eleganten, lang anhaltenden Finish.&#8220; Der Salz Gin ist ein wahres Kunstwerk, inspiriert von der wilden Natur der Insel Sylt. Hergestellt aus ausgew\u00e4hlten Getreiden und destilliert in Kupferbrennkesseln, vereint dieser Gin handwerkliche Pr\u00e4zision mit der Sch\u00f6nheit der Insel. Die Botanicals werden sorgf\u00e4ltig in Infusion und [&hellip;]<\/p>\n","protected":false},"featured_media":3456,"comment_status":"open","ping_status":"closed","template":"","meta":{"_acf_changed":false},"product_brand":[52],"product_cat":[35],"product_tag":[],"class_list":{"0":"post-3651","1":"product","2":"type-product","3":"status-publish","4":"has-post-thumbnail","6":"product_brand-zu-plun","7":"product_cat-spirituosen","9":"first","10":"instock","11":"taxable","12":"shipping-taxable","13":"purchasable","14":"product-type-simple","15":"add-to-wishlist-before_image"},"acf":[],"_links":{"self":[{"href":"https:\/\/edelalpen.ch\/fr\/wp-json\/wp\/v2\/product\/3651","targetHints":{"allow":["GET"]}}],"collection":[{"href":"https:\/\/edelalpen.ch\/fr\/wp-json\/wp\/v2\/product"}],"about":[{"href":"https:\/\/edelalpen.ch\/fr\/wp-json\/wp\/v2\/types\/product"}],"replies":[{"embeddable":true,"href":"https:\/\/edelalpen.ch\/fr\/wp-json\/wp\/v2\/comments?post=3651"}],"wp:featuredmedia":[{"embeddable":true,"href":"https:\/\/edelalpen.ch\/fr\/wp-json\/wp\/v2\/media\/3456"}],"wp:attachment":[{"href":"https:\/\/edelalpen.ch\/fr\/wp-json\/wp\/v2\/media?parent=3651"}],"wp:term":[{"taxonomy":"product_brand","embeddable":true,"href":"https:\/\/edelalpen.ch\/fr\/wp-json\/wp\/v2\/product_brand?post=3651"},{"taxonomy":"product_cat","embeddable":true,"href":"https:\/\/edelalpen.ch\/fr\/wp-json\/wp\/v2\/product_cat?post=3651"},{"taxonomy":"product_tag","embeddable":true,"href":"https:\/\/edelalpen.ch\/fr\/wp-json\/wp\/v2\/product_tag?post=3651"}],"curies":[{"name":"wp","href":"https:\/\/api.w.org\/{rel}","templated":true}]}}