{"id":3656,"date":"2026-04-03T15:07:43","date_gmt":"2026-04-03T13:07:43","guid":{"rendered":"https:\/\/edelalpen.ch\/"},"modified":"2026-04-03T15:36:55","modified_gmt":"2026-04-03T13:36:55","slug":"zu-plun-yellow-gin-42-vol-05-l","status":"publish","type":"product","link":"https:\/\/edelalpen.ch\/fr\/boutique\/spiritueux\/zu-plun-yellow-gin-42-vol-05-l\/","title":{"rendered":"Zu Plun Yellow Gin  42 % vol., 0,5 l"},"content":{"rendered":"<p>Le Yellow Gin raconte l'histoire du \u201eSpirit of Garda Lake\u201c. Avec des herbes et des \u00e9pices de la r\u00e9gion autour du lac et une note citronn\u00e9e provenant des citrons de la Limonaia \u201eLa Garbera\u201c, on obtient un gin qui refl\u00e8te le soleil et la douceur du climat du lac de Garde. Les c\u00f4nes de cypr\u00e8s remplacent en partie le gen\u00e9vrier et conf\u00e8rent au gin une note particuli\u00e8rement rafra\u00eechissante.<\/p>\n<p>D\u00e9couvrez le Yellow Gin - le gin estival qui capture \u201el'esprit du lac de Garde\u201c dans un verre.<\/p>","protected":false},"excerpt":{"rendered":"<p>Der Yellow Gin erz\u00e4hlt die Geschichte des \u201eSpirit of Garda Lake\u201c. Mit Kr\u00e4utern und Gew\u00fcrzen aus der Region rund um den See und einer zitronigen Note von den Zitronen der Limonaia \u201eLa Garbera\u201c entsteht ein Gin, der die Sonne und das milde Klima des Gardasees widerspiegelt. Zypressenzapfen ersetzen teilweise den Wacholder und verleihen dem Gin [&hellip;]<\/p>\n","protected":false},"featured_media":3469,"comment_status":"open","ping_status":"closed","template":"","meta":{"_acf_changed":false},"product_brand":[52],"product_cat":[35],"product_tag":[],"class_list":{"0":"post-3656","1":"product","2":"type-product","3":"status-publish","4":"has-post-thumbnail","6":"product_brand-zu-plun","7":"product_cat-spirituosen","9":"first","10":"instock","11":"taxable","12":"shipping-taxable","13":"purchasable","14":"product-type-simple","15":"add-to-wishlist-before_image"},"acf":[],"_links":{"self":[{"href":"https:\/\/edelalpen.ch\/fr\/wp-json\/wp\/v2\/product\/3656","targetHints":{"allow":["GET"]}}],"collection":[{"href":"https:\/\/edelalpen.ch\/fr\/wp-json\/wp\/v2\/product"}],"about":[{"href":"https:\/\/edelalpen.ch\/fr\/wp-json\/wp\/v2\/types\/product"}],"replies":[{"embeddable":true,"href":"https:\/\/edelalpen.ch\/fr\/wp-json\/wp\/v2\/comments?post=3656"}],"wp:featuredmedia":[{"embeddable":true,"href":"https:\/\/edelalpen.ch\/fr\/wp-json\/wp\/v2\/media\/3469"}],"wp:attachment":[{"href":"https:\/\/edelalpen.ch\/fr\/wp-json\/wp\/v2\/media?parent=3656"}],"wp:term":[{"taxonomy":"product_brand","embeddable":true,"href":"https:\/\/edelalpen.ch\/fr\/wp-json\/wp\/v2\/product_brand?post=3656"},{"taxonomy":"product_cat","embeddable":true,"href":"https:\/\/edelalpen.ch\/fr\/wp-json\/wp\/v2\/product_cat?post=3656"},{"taxonomy":"product_tag","embeddable":true,"href":"https:\/\/edelalpen.ch\/fr\/wp-json\/wp\/v2\/product_tag?post=3656"}],"curies":[{"name":"wp","href":"https:\/\/api.w.org\/{rel}","templated":true}]}}